{"id":303,"date":"2010-08-25T22:36:40","date_gmt":"2010-08-25T22:36:40","guid":{"rendered":"http:\/\/www.kijimunas-kitchen.net\/"},"modified":"2017-10-09T23:10:14","modified_gmt":"2017-10-09T23:10:14","slug":"contactar","status":"publish","type":"page","link":"https:\/\/www.kijimunas-kitchen.com\/es\/contactar\/","title":{"rendered":"Contactar"},"content":{"rendered":"<p>\u00a1Hola! \u00bfC\u00f3mo est\u00e1s?<\/p>\n<p>Si has llegado hasta aqu\u00ed es porque quieres hablar\u00a0conmigo de manera privada. \u00a1Adelante! D\u00e9jame tu mensaje y te contestar\u00e9 tan pronto como me sea posible. No te preocupes si tardo en contestar, a veces me pasa que voy cargada de trabajo; pero siempre respondo,\u00a0o, al menos, \u00a1lo intento!<\/p>\n<p>Gracias por visitar <a href=\"http:\/\/kijimunas-kitchen.net\">Kijimuna&#8217;s Kitchen<\/a>, espero que te haya ayudado toda la informaci\u00f3n y las recetas que he ido recopilando durante a\u00f1os. \u00a1Un abrazo! Y \u00a1s\u00e9 feliz!<\/p>\n<div data-test='contact-form' id='contact-form-303' class='wp-block-jetpack-contact-form-container '>\n<form action='https:\/\/www.kijimunas-kitchen.com\/es\/contactar\/#contact-form-303' method='post' class='contact-form commentsblock' aria-label=\"Contactar\" novalidate>\n\n<div style=\"\" class='grunion-field-name-wrap grunion-field-wrap'  >\n<label\n\t\t\t\tfor='g303-nombre'\n\t\t\t\tclass='grunion-field-label name'>Nombre<span class=\"grunion-label-required\" aria-hidden=\"true\">(obligatorio)<\/span><\/label>\n<input\n\t\t\t\t\ttype='text'\n\t\t\t\t\tname='g303-nombre'\n\t\t\t\t\tid='g303-nombre'\n\t\t\t\t\tvalue=''\n\t\t\t\t\tclass='name  grunion-field' \n\t\t\t\t\trequired aria-required='true' \/>\n\t<\/div>\n\n<div style=\"\" class='grunion-field-email-wrap grunion-field-wrap'  >\n<label\n\t\t\t\tfor='g303-correoelectrnico'\n\t\t\t\tclass='grunion-field-label email'>Correo electr\u00f3nico<span class=\"grunion-label-required\" aria-hidden=\"true\">(obligatorio)<\/span><\/label>\n<input\n\t\t\t\t\ttype='email'\n\t\t\t\t\tname='g303-correoelectrnico'\n\t\t\t\t\tid='g303-correoelectrnico'\n\t\t\t\t\tvalue=''\n\t\t\t\t\tclass='email  grunion-field' \n\t\t\t\t\trequired aria-required='true' \/>\n\t<\/div>\n\n<div style=\"\" class='grunion-field-text-wrap grunion-field-wrap'  >\n<label\n\t\t\t\tfor='g303-asunto'\n\t\t\t\tclass='grunion-field-label text'>Asunto<span class=\"grunion-label-required\" aria-hidden=\"true\">(obligatorio)<\/span><\/label>\n<input\n\t\t\t\t\ttype='text'\n\t\t\t\t\tname='g303-asunto'\n\t\t\t\t\tid='g303-asunto'\n\t\t\t\t\tvalue=''\n\t\t\t\t\tclass='text  grunion-field' \n\t\t\t\t\trequired aria-required='true' \/>\n\t<\/div>\n\n<div style=\"\" class='grunion-field-url-wrap grunion-field-wrap'  >\n<label\n\t\t\t\tfor='g303-sitioweb'\n\t\t\t\tclass='grunion-field-label url'>Sitio web<\/label>\n<input\n\t\t\t\t\ttype='text'\n\t\t\t\t\tname='g303-sitioweb'\n\t\t\t\t\tid='g303-sitioweb'\n\t\t\t\t\tvalue=''\n\t\t\t\t\tclass='url  grunion-field' \n\t\t\t\t\ttitle=\"Por favor, introduce una URL v\u00e1lida - https:\/\/www.ejemplo.com\" oninvalid=\"setCustomValidity(&quot;Por favor, introduce una URL v\u00e1lida - https:\/\/www.ejemplo.com&quot;)\" oninput=\"setCustomValidity(&quot;&quot;)\" pattern=\"(([:\\\/a-zA-Z0-9_\\-]+)?(\\.[a-zA-Z0-9_\\-\\\/]+)+)\" data-type-override=\"url\"  \/>\n\t<\/div>\n\n<div style=\"\" class='grunion-field-textarea-wrap grunion-field-wrap'  >\n<label\n\t\t\t\tfor='contact-form-comment-g303-comentario'\n\t\t\t\tclass='grunion-field-label textarea'>Comentario<span class=\"grunion-label-required\" aria-hidden=\"true\">(obligatorio)<\/span><\/label>\n<textarea\n\t\t                style=''\n\t\t                name='g303-comentario'\n\t\t                id='contact-form-comment-g303-comentario'\n\t\t                rows='20' class='textarea  grunion-field'  required aria-required='true'><\/textarea>\n\t<\/div>\n\t<p class='contact-submit'>\n\t\t<button type='submit' class='pushbutton-wide'>Enviar<\/button>\t\t<input type='hidden' name='contact-form-id' value='303' \/>\n\t\t<input type='hidden' name='action' value='grunion-contact-form' \/>\n\t\t<input type='hidden' name='contact-form-hash' value='bfd14460bddde6091b8f72fb6598665d0e048b95' \/>\n\t<\/p>\n<\/form>\n<\/div>\n","protected":false},"excerpt":{"rendered":"<p>\u00a1Hola! \u00bfC\u00f3mo est\u00e1s? Si has llegado hasta aqu\u00ed es porque quieres hablar\u00a0conmigo de manera privada. \u00a1Adelante! D\u00e9jame tu mensaje y te contestar\u00e9 tan pronto como me sea posible. No te preocupes si tardo en contestar, a veces me pasa que voy cargada de trabajo; pero siempre respondo,\u00a0o, al menos, \u00a1lo intento! Gracias por visitar Kijimuna&#8217;s [&hellip;]<\/p>\n","protected":false},"author":1,"featured_media":0,"parent":0,"menu_order":8,"comment_status":"closed","ping_status":"closed","template":"","meta":{"nf_dc_page":"","jetpack_post_was_ever_published":false,"footnotes":""},"class_list":["post-303","page","type-page","status-publish","hentry"],"aioseo_notices":[],"jetpack_sharing_enabled":true,"jetpack_shortlink":"https:\/\/wp.me\/P56CiV-4T","jetpack-related-posts":[],"_links":{"self":[{"href":"https:\/\/www.kijimunas-kitchen.com\/es\/wp-json\/wp\/v2\/pages\/303","targetHints":{"allow":["GET"]}}],"collection":[{"href":"https:\/\/www.kijimunas-kitchen.com\/es\/wp-json\/wp\/v2\/pages"}],"about":[{"href":"https:\/\/www.kijimunas-kitchen.com\/es\/wp-json\/wp\/v2\/types\/page"}],"author":[{"embeddable":true,"href":"https:\/\/www.kijimunas-kitchen.com\/es\/wp-json\/wp\/v2\/users\/1"}],"replies":[{"embeddable":true,"href":"https:\/\/www.kijimunas-kitchen.com\/es\/wp-json\/wp\/v2\/comments?post=303"}],"version-history":[{"count":7,"href":"https:\/\/www.kijimunas-kitchen.com\/es\/wp-json\/wp\/v2\/pages\/303\/revisions"}],"predecessor-version":[{"id":6050,"href":"https:\/\/www.kijimunas-kitchen.com\/es\/wp-json\/wp\/v2\/pages\/303\/revisions\/6050"}],"wp:attachment":[{"href":"https:\/\/www.kijimunas-kitchen.com\/es\/wp-json\/wp\/v2\/media?parent=303"}],"curies":[{"name":"wp","href":"https:\/\/api.w.org\/{rel}","templated":true}]}}