{"id":6926,"date":"2016-05-27T15:03:42","date_gmt":"2016-05-27T15:03:42","guid":{"rendered":"http:\/\/www.kijimunas-kitchen.com\/es\/?page_id=6926"},"modified":"2017-10-09T23:09:59","modified_gmt":"2017-10-09T23:09:59","slug":"politica-de-cookies","status":"publish","type":"page","link":"https:\/\/www.kijimunas-kitchen.com\/es\/politica-de-cookies\/","title":{"rendered":"Pol\u00edtica de cookies"},"content":{"rendered":"<h3><strong>\u00bfQu\u00e9 es una cookie?<\/strong><\/h3>\n<p>Las cookies son peque\u00f1os archivos de texto que se env\u00edan al dispositivo al visitar un sitio web. Las cookies son devueltas al sitio web de origen cada vez que lo visite, o a otro sitio web que reconoce la cookie. Las cookies act\u00faan como un recuerdo de un sitio web, lo que permite recordar el dispositivo en las visitas subsiguientes. Las cookies tambi\u00e9n pueden recordar sus preferencias, mejorar la experiencia del usuario, as\u00ed como adaptar los anuncios.<\/p>\n<h3><strong>Cookies utilizadas en este sitio web<\/strong><\/h3>\n<p>\u2013 Cookies t\u00e9cnicas<br \/>\nLas cookies t\u00e9cnicas son esenciales y necesarias para que la web funcione correctamente y para usar las diversas opciones y servicios que ofrece.<br \/>\n\u2013 Cookies anal\u00edticas<br \/>\nNuestro sitio web utiliza cookies de Google Analytics. La informaci\u00f3n que recogen estas cookies se transferida y archivada por Google en sus servidores de Estados Unidos, de acuerdo con sus pr\u00e1cticas de privacidad. Para m\u00e1s informaci\u00f3n de las pr\u00e1cticas de privacidad de Google y c\u00f3mo se aplican a Google Analytics visite: Pol\u00edtica de Privacidad de Google Analytics.<br \/>\n\u2013 Cookies de sesi\u00f3n<br \/>\nLas cookies de sesi\u00f3n son aquellas que existen s\u00f3lo mientras el usuario navega por la web y se eliminan al final.<\/p>\n<h3><strong>C\u00f3mo controlar y eliminar las cookies<\/strong><\/h3>\n<p>La mayor\u00eda de los navegadores web aceptan cookies, pero puede cambiar la configuraci\u00f3n del navegador web para que rechace nuevas cookies , desactive las que ya existen o que le comunique cuando alguien le env\u00eda una nueva cookie en el dispositivo. Para cambiar la configuraci\u00f3n siga las instrucciones que le proporciona cada navegador:<\/p>\n<p>Internet Explorer: Herramientas&gt; Opciones de Internet&gt; Privacidad\u2028O bien <a href=\"http:\/\/windows.microsoft.com\/es-es\/internet-explorer\/delete-manage-cookies#ie=ie-11\">haz clic aqu\u00ed<\/a>para m\u00e1s informaci\u00f3n.<\/p>\n<p>Firefox: Herramientas&gt; Opciones&gt; Privacidad&gt; Historial&gt; Ajustes personalizados.<br \/>\nO bien <a href=\"http:\/\/support.mozilla.org\/es\/kb\/habilitar-y-deshabilitar-cookies-que-los-sitios-we\">haz clic aqu\u00ed<\/a> para m\u00e1s informaci\u00f3n.<\/p>\n<p>Chrome: Configuraci\u00f3n&gt; Mostrar configuraci\u00f3n avanzada&gt; Privacidad&gt; Configuraci\u00f3n de contenido.<br \/>\nO bien <a href=\"https:\/\/support.google.com\/chrome\/answer\/95647?hl=ca\">haz clic aqu\u00ed<\/a> para m\u00e1s informaci\u00f3n.<\/p>\n<p>Safari: Preferencias&gt; Seguridad.<br \/>\nO bien <a href=\"http:\/\/support.apple.com\/kb\/HT1677?viewlocale=es_ES\">haz clic aqu\u00ed<\/a> para m\u00e1s informaci\u00f3n.<\/p>\n<p>Opera: Configuraci\u00f3n.<br \/>\nO bien <a href=\"http:\/\/www.opera.com\/help\/tutorials\/security\/privacy\/\">haz clic aqu\u00ed<\/a> para m\u00e1s informaci\u00f3n.<\/p>\n<p>Bloquear el uso de las cookies en su navegaci\u00f3n puede hacer que algunos servicios o caracter\u00edsticas del sitio web no est\u00e9n disponibles.<\/p>\n","protected":false},"excerpt":{"rendered":"<p>\u00bfQu\u00e9 es una cookie? Las cookies son peque\u00f1os archivos de texto que se env\u00edan al dispositivo al visitar un sitio web. Las cookies son devueltas al sitio web de origen cada vez que lo visite, o a otro sitio web que reconoce la cookie. Las cookies act\u00faan como un recuerdo de un sitio web, lo [&hellip;]<\/p>\n","protected":false},"author":1,"featured_media":0,"parent":0,"menu_order":9,"comment_status":"closed","ping_status":"closed","template":"","meta":{"nf_dc_page":"","jetpack_post_was_ever_published":false,"footnotes":""},"class_list":["post-6926","page","type-page","status-publish","hentry"],"aioseo_notices":[],"jetpack_sharing_enabled":true,"jetpack_shortlink":"https:\/\/wp.me\/P56CiV-1NI","jetpack-related-posts":[],"_links":{"self":[{"href":"https:\/\/www.kijimunas-kitchen.com\/es\/wp-json\/wp\/v2\/pages\/6926","targetHints":{"allow":["GET"]}}],"collection":[{"href":"https:\/\/www.kijimunas-kitchen.com\/es\/wp-json\/wp\/v2\/pages"}],"about":[{"href":"https:\/\/www.kijimunas-kitchen.com\/es\/wp-json\/wp\/v2\/types\/page"}],"author":[{"embeddable":true,"href":"https:\/\/www.kijimunas-kitchen.com\/es\/wp-json\/wp\/v2\/users\/1"}],"replies":[{"embeddable":true,"href":"https:\/\/www.kijimunas-kitchen.com\/es\/wp-json\/wp\/v2\/comments?post=6926"}],"version-history":[{"count":2,"href":"https:\/\/www.kijimunas-kitchen.com\/es\/wp-json\/wp\/v2\/pages\/6926\/revisions"}],"predecessor-version":[{"id":6928,"href":"https:\/\/www.kijimunas-kitchen.com\/es\/wp-json\/wp\/v2\/pages\/6926\/revisions\/6928"}],"wp:attachment":[{"href":"https:\/\/www.kijimunas-kitchen.com\/es\/wp-json\/wp\/v2\/media?parent=6926"}],"curies":[{"name":"wp","href":"https:\/\/api.w.org\/{rel}","templated":true}]}}