{"id":7567,"date":"2017-10-12T22:30:24","date_gmt":"2017-10-12T22:30:24","guid":{"rendered":"http:\/\/www.kijimunas-kitchen.com\/es\/?page_id=7567"},"modified":"2017-10-25T08:00:13","modified_gmt":"2017-10-25T08:00:13","slug":"batidoras-blendtec","status":"publish","type":"page","link":"https:\/\/www.kijimunas-kitchen.com\/es\/batidoras-blendtec\/","title":{"rendered":"Batidoras Blendtec"},"content":{"rendered":"<div class='content-column one_half'><p><a href=\"http:\/\/www.kijimunas-kitchen.com\/es\/tienda\">Volver a la tienda<\/a><\/p>\n<h4><a href=\"https:\/\/www.iberochef.com\/designer725.html\" target=\"_blank\" rel=\"noopener\"><img data-recalc-dims=\"1\" decoding=\"async\" data-attachment-id=\"7542\" data-permalink=\"https:\/\/www.kijimunas-kitchen.com\/es\/tienda\/blendtec-designer-725\/\" data-orig-file=\"https:\/\/i0.wp.com\/www.kijimunas-kitchen.com\/es\/wp-content\/uploads\/2017\/10\/blendtec-designer-725.jpg?fit=500%2C500&amp;ssl=1\" data-orig-size=\"500,500\" data-comments-opened=\"1\" data-image-meta=\"{&quot;aperture&quot;:&quot;0&quot;,&quot;credit&quot;:&quot;&quot;,&quot;camera&quot;:&quot;&quot;,&quot;caption&quot;:&quot;&quot;,&quot;created_timestamp&quot;:&quot;0&quot;,&quot;copyright&quot;:&quot;&quot;,&quot;focal_length&quot;:&quot;0&quot;,&quot;iso&quot;:&quot;0&quot;,&quot;shutter_speed&quot;:&quot;0&quot;,&quot;title&quot;:&quot;&quot;,&quot;orientation&quot;:&quot;0&quot;}\" data-image-title=\"Blendtec Designer 725\" data-image-description=\"\" data-image-caption=\"&lt;p&gt;Blendtec Designer 725&lt;\/p&gt;\n\" data-medium-file=\"https:\/\/i0.wp.com\/www.kijimunas-kitchen.com\/es\/wp-content\/uploads\/2017\/10\/blendtec-designer-725.jpg?fit=300%2C300&amp;ssl=1\" data-large-file=\"https:\/\/i0.wp.com\/www.kijimunas-kitchen.com\/es\/wp-content\/uploads\/2017\/10\/blendtec-designer-725.jpg?fit=500%2C500&amp;ssl=1\" loading=\"lazy\" class=\"alignnone wp-image-7542 size-medium\" src=\"https:\/\/i0.wp.com\/www.kijimunas-kitchen.com\/es\/wp-content\/uploads\/2017\/10\/blendtec-designer-725.jpg?resize=300%2C300\" alt=\"Blendtec Designer 725\" width=\"300\" height=\"300\" srcset=\"https:\/\/i0.wp.com\/www.kijimunas-kitchen.com\/es\/wp-content\/uploads\/2017\/10\/blendtec-designer-725.jpg?resize=300%2C300&amp;ssl=1 300w, https:\/\/i0.wp.com\/www.kijimunas-kitchen.com\/es\/wp-content\/uploads\/2017\/10\/blendtec-designer-725.jpg?resize=150%2C150&amp;ssl=1 150w, https:\/\/i0.wp.com\/www.kijimunas-kitchen.com\/es\/wp-content\/uploads\/2017\/10\/blendtec-designer-725.jpg?resize=120%2C120&amp;ssl=1 120w, https:\/\/i0.wp.com\/www.kijimunas-kitchen.com\/es\/wp-content\/uploads\/2017\/10\/blendtec-designer-725.jpg?w=500&amp;ssl=1 500w\" sizes=\"auto, (max-width: 300px) 100vw, 300px\" \/><\/a><\/h4>\n<p><a href=\"https:\/\/www.iberochef.com\/designer725.html\" target=\"_blank\" rel=\"noopener\">Batidora Blendtec Designer 725<\/a><\/p>\n<h4><a href=\"https:\/\/www.iberochef.com\/jarro-extremo-con-tapa-ventilada.html\" target=\"_blank\" rel=\"noopener\"><img data-recalc-dims=\"1\" decoding=\"async\" data-attachment-id=\"7779\" data-permalink=\"https:\/\/www.kijimunas-kitchen.com\/es\/batidoras-blendtec\/blendtec-jarra-designer-725\/\" data-orig-file=\"https:\/\/i0.wp.com\/www.kijimunas-kitchen.com\/es\/wp-content\/uploads\/2017\/10\/blendtec-jarra-designer-725.jpg?fit=500%2C500&amp;ssl=1\" data-orig-size=\"500,500\" data-comments-opened=\"1\" data-image-meta=\"{&quot;aperture&quot;:&quot;0&quot;,&quot;credit&quot;:&quot;&quot;,&quot;camera&quot;:&quot;&quot;,&quot;caption&quot;:&quot;&quot;,&quot;created_timestamp&quot;:&quot;0&quot;,&quot;copyright&quot;:&quot;&quot;,&quot;focal_length&quot;:&quot;0&quot;,&quot;iso&quot;:&quot;0&quot;,&quot;shutter_speed&quot;:&quot;0&quot;,&quot;title&quot;:&quot;&quot;,&quot;orientation&quot;:&quot;0&quot;}\" data-image-title=\"Jarro Extreme de 5 lados con tapa ventilada\" data-image-description=\"\" data-image-caption=\"\" data-medium-file=\"https:\/\/i0.wp.com\/www.kijimunas-kitchen.com\/es\/wp-content\/uploads\/2017\/10\/blendtec-jarra-designer-725.jpg?fit=300%2C300&amp;ssl=1\" data-large-file=\"https:\/\/i0.wp.com\/www.kijimunas-kitchen.com\/es\/wp-content\/uploads\/2017\/10\/blendtec-jarra-designer-725.jpg?fit=500%2C500&amp;ssl=1\" loading=\"lazy\" class=\"alignnone wp-image-7779 size-medium\" src=\"https:\/\/i0.wp.com\/www.kijimunas-kitchen.com\/es\/wp-content\/uploads\/2017\/10\/blendtec-jarra-designer-725.jpg?resize=300%2C300\" alt=\"\" width=\"300\" height=\"300\" srcset=\"https:\/\/i0.wp.com\/www.kijimunas-kitchen.com\/es\/wp-content\/uploads\/2017\/10\/blendtec-jarra-designer-725.jpg?resize=300%2C300&amp;ssl=1 300w, https:\/\/i0.wp.com\/www.kijimunas-kitchen.com\/es\/wp-content\/uploads\/2017\/10\/blendtec-jarra-designer-725.jpg?resize=150%2C150&amp;ssl=1 150w, https:\/\/i0.wp.com\/www.kijimunas-kitchen.com\/es\/wp-content\/uploads\/2017\/10\/blendtec-jarra-designer-725.jpg?resize=120%2C120&amp;ssl=1 120w, https:\/\/i0.wp.com\/www.kijimunas-kitchen.com\/es\/wp-content\/uploads\/2017\/10\/blendtec-jarra-designer-725.jpg?w=500&amp;ssl=1 500w\" sizes=\"auto, (max-width: 300px) 100vw, 300px\" \/> <\/a><\/h4>\n<p><a href=\"https:\/\/www.iberochef.com\/jarro-extremo-con-tapa-ventilada.html\" target=\"_blank\" rel=\"noopener\">Jarra Extreme cinco lados con tapa ventilada<\/a><\/p>\n<h4><a href=\"https:\/\/www.iberochef.com\/jarro-twister.html\" target=\"_blank\" rel=\"noopener\"><img data-recalc-dims=\"1\" decoding=\"async\" data-attachment-id=\"7780\" data-permalink=\"https:\/\/www.kijimunas-kitchen.com\/es\/batidoras-blendtec\/blendtec-jarra-twister\/\" data-orig-file=\"https:\/\/i0.wp.com\/www.kijimunas-kitchen.com\/es\/wp-content\/uploads\/2017\/10\/blendtec-jarra-twister.jpg?fit=500%2C500&amp;ssl=1\" data-orig-size=\"500,500\" data-comments-opened=\"1\" data-image-meta=\"{&quot;aperture&quot;:&quot;0&quot;,&quot;credit&quot;:&quot;&quot;,&quot;camera&quot;:&quot;&quot;,&quot;caption&quot;:&quot;&quot;,&quot;created_timestamp&quot;:&quot;0&quot;,&quot;copyright&quot;:&quot;&quot;,&quot;focal_length&quot;:&quot;0&quot;,&quot;iso&quot;:&quot;0&quot;,&quot;shutter_speed&quot;:&quot;0&quot;,&quot;title&quot;:&quot;&quot;,&quot;orientation&quot;:&quot;0&quot;}\" data-image-title=\"Jarra twister\" data-image-description=\"\" data-image-caption=\"\" data-medium-file=\"https:\/\/i0.wp.com\/www.kijimunas-kitchen.com\/es\/wp-content\/uploads\/2017\/10\/blendtec-jarra-twister.jpg?fit=300%2C300&amp;ssl=1\" data-large-file=\"https:\/\/i0.wp.com\/www.kijimunas-kitchen.com\/es\/wp-content\/uploads\/2017\/10\/blendtec-jarra-twister.jpg?fit=500%2C500&amp;ssl=1\" loading=\"lazy\" class=\"alignnone wp-image-7780 size-medium\" src=\"https:\/\/i0.wp.com\/www.kijimunas-kitchen.com\/es\/wp-content\/uploads\/2017\/10\/blendtec-jarra-twister.jpg?resize=300%2C300\" alt=\"\" width=\"300\" height=\"300\" srcset=\"https:\/\/i0.wp.com\/www.kijimunas-kitchen.com\/es\/wp-content\/uploads\/2017\/10\/blendtec-jarra-twister.jpg?resize=300%2C300&amp;ssl=1 300w, https:\/\/i0.wp.com\/www.kijimunas-kitchen.com\/es\/wp-content\/uploads\/2017\/10\/blendtec-jarra-twister.jpg?resize=150%2C150&amp;ssl=1 150w, https:\/\/i0.wp.com\/www.kijimunas-kitchen.com\/es\/wp-content\/uploads\/2017\/10\/blendtec-jarra-twister.jpg?resize=120%2C120&amp;ssl=1 120w, https:\/\/i0.wp.com\/www.kijimunas-kitchen.com\/es\/wp-content\/uploads\/2017\/10\/blendtec-jarra-twister.jpg?w=500&amp;ssl=1 500w\" sizes=\"auto, (max-width: 300px) 100vw, 300px\" \/><\/a><\/h4>\n<p><a href=\"https:\/\/www.iberochef.com\/jarro-twister.html\" target=\"_blank\" rel=\"noopener\">Jarra Twister<\/a><\/p>\n<h4><a href=\"https:\/\/www.iberochef.com\/jarro-mini-wildside.html\" target=\"_blank\" rel=\"noopener\"> <img data-recalc-dims=\"1\" decoding=\"async\" data-attachment-id=\"7781\" data-permalink=\"https:\/\/www.kijimunas-kitchen.com\/es\/batidoras-blendtec\/blendtec-mini_wildside\/\" data-orig-file=\"https:\/\/i0.wp.com\/www.kijimunas-kitchen.com\/es\/wp-content\/uploads\/2017\/10\/blendtec-mini_wildside.jpg?fit=500%2C500&amp;ssl=1\" data-orig-size=\"500,500\" data-comments-opened=\"1\" data-image-meta=\"{&quot;aperture&quot;:&quot;0&quot;,&quot;credit&quot;:&quot;&quot;,&quot;camera&quot;:&quot;&quot;,&quot;caption&quot;:&quot;&quot;,&quot;created_timestamp&quot;:&quot;0&quot;,&quot;copyright&quot;:&quot;&quot;,&quot;focal_length&quot;:&quot;0&quot;,&quot;iso&quot;:&quot;0&quot;,&quot;shutter_speed&quot;:&quot;0&quot;,&quot;title&quot;:&quot;&quot;,&quot;orientation&quot;:&quot;0&quot;}\" data-image-title=\"Jarra WildSide mini\" data-image-description=\"\" data-image-caption=\"\" data-medium-file=\"https:\/\/i0.wp.com\/www.kijimunas-kitchen.com\/es\/wp-content\/uploads\/2017\/10\/blendtec-mini_wildside.jpg?fit=300%2C300&amp;ssl=1\" data-large-file=\"https:\/\/i0.wp.com\/www.kijimunas-kitchen.com\/es\/wp-content\/uploads\/2017\/10\/blendtec-mini_wildside.jpg?fit=500%2C500&amp;ssl=1\" loading=\"lazy\" class=\"alignnone wp-image-7781 size-medium\" src=\"https:\/\/i0.wp.com\/www.kijimunas-kitchen.com\/es\/wp-content\/uploads\/2017\/10\/blendtec-mini_wildside.jpg?resize=300%2C300\" alt=\"\" width=\"300\" height=\"300\" srcset=\"https:\/\/i0.wp.com\/www.kijimunas-kitchen.com\/es\/wp-content\/uploads\/2017\/10\/blendtec-mini_wildside.jpg?resize=300%2C300&amp;ssl=1 300w, https:\/\/i0.wp.com\/www.kijimunas-kitchen.com\/es\/wp-content\/uploads\/2017\/10\/blendtec-mini_wildside.jpg?resize=150%2C150&amp;ssl=1 150w, https:\/\/i0.wp.com\/www.kijimunas-kitchen.com\/es\/wp-content\/uploads\/2017\/10\/blendtec-mini_wildside.jpg?resize=120%2C120&amp;ssl=1 120w, https:\/\/i0.wp.com\/www.kijimunas-kitchen.com\/es\/wp-content\/uploads\/2017\/10\/blendtec-mini_wildside.jpg?w=500&amp;ssl=1 500w\" sizes=\"auto, (max-width: 300px) 100vw, 300px\" \/><\/a><\/h4>\n<p><a href=\"https:\/\/www.iberochef.com\/jarro-mini-wildside.html\" target=\"_blank\" rel=\"noopener\">Jarra Wild Side mini<\/a><\/p><\/div>\n<div class='content-column one_half last_column'><p>Mi batidora Blendtec ha sido una de mis compa\u00f1eras de cocina inseparable desde hace ya a\u00f1os. Empec\u00e9 con\u00a0un modelo m\u00e1s antiguo que \u00e9ste de aqu\u00ed que ya no se comercializa y que tiene un panel de programaci\u00f3n m\u00e1s complejo que parece que no agrada tanto al p\u00fablico en general.<\/p>\n<p>\u00bfLa verdad? Yo prefiero el programa de la batidora antigua que la de este modelo mejorado. Pero tambi\u00e9n me doy cuenta que es mucho menos intimidadora para aqu\u00e9llos que, al contrario que yo, sienten respeto por programas complejos, botones varios y sofisticaciones en el uso diario de los electrodom\u00e9sticos de cocina. Este nuevo modelo de aqu\u00ed parece ser que invita mucho m\u00e1s al uso y es mucho m\u00e1s sencillo de comprender gracias a la interficie de control m\u00e1s gr\u00e1fica y aparentemente simplificada, un cambio que salta a la vista. Y digo aparentemente, porque detr\u00e1s de los programas b\u00e1sicos para todos los usuarios hay muchas m\u00e1s opciones de control manual para los que nos gusta experimentar.<\/p>\n<p>Aunque \u00e9ste es s\u00f3lo un detalle sin importancia si lo comparamos con las prestaciones de esta batidora turbo, de nada m\u00e1s y nada menos que 100 velocidades, un motor de 2,5 caballos que resiste como si nada a la hora de batir las verduras m\u00e1s fibrosas o las mezclas de semillas o frutos secos m\u00e1s densas y cuyas jarras no contienen materiales\u00a0t\u00f3xicos \u2014est\u00e1n libres de BPA\u2014.<\/p>\n<p>Se venden tambi\u00e9n jarras de diferentes tama\u00f1os por separado que encajan en la misma base, para recetas con mayor o menor cantidad de ingredientes, o especializadas para preparaciones concretas. Mis favoritas son la jarra Wild de cinco lados y la jarra Twister cil\u00edndrica, para elaboraciones\u00a0cremosas y densas. Los cuatro tama\u00f1os\u00a0de jarra Blendtec \u00a0encajan en la misma base.<\/p>\n<p>Su cuchilla es\u00a0completamente roma, no corta sino que tritura por fricci\u00f3n, la manera m\u00e1s amable de triturar cualquier alimento calentando el m\u00ednimo; con lo cual en los batidos y triturados cortos y a baja velocidad, calienta mucho menos que cualquier otra batidora. Facilita tambi\u00e9n el limpiado, ya que la h\u00e9lice no corta al tacto est\u00e1 suficientemente separada de la jarra para poder retirar cualquier fibra que se pueda quedar enganchada sin problemas.\u00a0Tambi\u00e9n permite\u00a0hacer preparaciones m\u00e1s largas y a mayor velocidad, para los que prefieren comer calentito en invierno, preparar cremas y batidos templados o incluso calientes que incluso pueden llegar a humear al levantar la tapa creando calor por fricci\u00f3n.<\/p>\n<p>La lista de preparados que se pueden hacer con esta batidora es inacabable: sopas, cremas, pat\u00e9s, queso vegetales, salsas, dips, mayonesas, helados, masas, harinas en seco, triturados a trocitos, batidos, mousse, helados, granizados.<\/p>\n<p>Si te interesa puedes&#8230;<\/p>\n<h1><span style=\"text-decoration: underline;\"><a href=\"https:\/\/www.iberochef.com\/designer725.html\" target=\"_blank\" rel=\"noopener\"><em><span style=\"color: #ff99cc; text-decoration: underline;\">Comprar aqu\u00ed<\/span><\/em><\/a><\/span><\/h1>\n<p>y\u00a0te puedo ofrecer un <strong>c\u00f3digo de descuento del 10%<\/strong>\u00a0para utilizar al hacer la compra una vez hayas ingresado a tu perfil de usuario.\u00a0\u00a0El c\u00f3digo es <b>KIJIMUNAS17<\/b>\u00a0y es v\u00e1lido para la compra de cualquier producto\u00a0<a href=\"https:\/\/www.iberochef.com\/designer725.html\" target=\"_blank\" rel=\"noopener\">en este web<\/a>.<\/p>\n<p><a href=\"http:\/\/www.kijimunas-kitchen.com\/es\/tienda\">Volver a la tienda<\/a><\/p><\/div><div class='clear_column'><\/div>\n","protected":false},"excerpt":{"rendered":"","protected":false},"author":1,"featured_media":0,"parent":0,"menu_order":100,"comment_status":"closed","ping_status":"closed","template":"","meta":{"nf_dc_page":"","jetpack_post_was_ever_published":false,"footnotes":""},"class_list":["post-7567","page","type-page","status-publish","hentry"],"aioseo_notices":[],"jetpack_sharing_enabled":true,"jetpack_shortlink":"https:\/\/wp.me\/P56CiV-1Y3","jetpack-related-posts":[],"_links":{"self":[{"href":"https:\/\/www.kijimunas-kitchen.com\/es\/wp-json\/wp\/v2\/pages\/7567","targetHints":{"allow":["GET"]}}],"collection":[{"href":"https:\/\/www.kijimunas-kitchen.com\/es\/wp-json\/wp\/v2\/pages"}],"about":[{"href":"https:\/\/www.kijimunas-kitchen.com\/es\/wp-json\/wp\/v2\/types\/page"}],"author":[{"embeddable":true,"href":"https:\/\/www.kijimunas-kitchen.com\/es\/wp-json\/wp\/v2\/users\/1"}],"replies":[{"embeddable":true,"href":"https:\/\/www.kijimunas-kitchen.com\/es\/wp-json\/wp\/v2\/comments?post=7567"}],"version-history":[{"count":5,"href":"https:\/\/www.kijimunas-kitchen.com\/es\/wp-json\/wp\/v2\/pages\/7567\/revisions"}],"predecessor-version":[{"id":7815,"href":"https:\/\/www.kijimunas-kitchen.com\/es\/wp-json\/wp\/v2\/pages\/7567\/revisions\/7815"}],"wp:attachment":[{"href":"https:\/\/www.kijimunas-kitchen.com\/es\/wp-json\/wp\/v2\/media?parent=7567"}],"curies":[{"name":"wp","href":"https:\/\/api.w.org\/{rel}","templated":true}]}}