{"id":7576,"date":"2017-10-12T22:36:30","date_gmt":"2017-10-12T22:36:30","guid":{"rendered":"http:\/\/www.kijimunas-kitchen.com\/es\/?page_id=7576"},"modified":"2020-09-12T10:30:20","modified_gmt":"2020-09-12T10:30:20","slug":"batidoras-vitamix","status":"publish","type":"page","link":"https:\/\/www.kijimunas-kitchen.com\/es\/batidoras-vitamix\/","title":{"rendered":"Batidoras Vitamix"},"content":{"rendered":"<div class='content-column one_half'><p><a href=\"http:\/\/www.kijimunas-kitchen.com\/es\/tienda\">Volver a la tienda<\/a><\/p>\n<h4><a href=\"https:\/\/www.conasi.eu\/293-batidora-vitamix?afiliado=25062\" target=\"_blank\" rel=\"noopener\"><img data-recalc-dims=\"1\" decoding=\"async\" data-attachment-id=\"8108\" data-permalink=\"https:\/\/www.kijimunas-kitchen.com\/es\/batidoras-vitamix\/vitamix-explorian\/\" data-orig-file=\"https:\/\/i0.wp.com\/www.kijimunas-kitchen.com\/es\/wp-content\/uploads\/2020\/09\/vitamix-explorian.jpg?fit=1000%2C1000&amp;ssl=1\" data-orig-size=\"1000,1000\" data-comments-opened=\"1\" data-image-meta=\"{&quot;aperture&quot;:&quot;0&quot;,&quot;credit&quot;:&quot;&quot;,&quot;camera&quot;:&quot;&quot;,&quot;caption&quot;:&quot;&quot;,&quot;created_timestamp&quot;:&quot;0&quot;,&quot;copyright&quot;:&quot;&quot;,&quot;focal_length&quot;:&quot;0&quot;,&quot;iso&quot;:&quot;0&quot;,&quot;shutter_speed&quot;:&quot;0&quot;,&quot;title&quot;:&quot;&quot;,&quot;orientation&quot;:&quot;0&quot;}\" data-image-title=\"Vitamix Explorian E310\" data-image-description=\"\" data-image-caption=\"\" data-medium-file=\"https:\/\/i0.wp.com\/www.kijimunas-kitchen.com\/es\/wp-content\/uploads\/2020\/09\/vitamix-explorian.jpg?fit=300%2C300&amp;ssl=1\" data-large-file=\"https:\/\/i0.wp.com\/www.kijimunas-kitchen.com\/es\/wp-content\/uploads\/2020\/09\/vitamix-explorian.jpg?fit=840%2C840&amp;ssl=1\" loading=\"lazy\" class=\"alignnone wp-image-8108 size-medium\" src=\"https:\/\/i0.wp.com\/www.kijimunas-kitchen.com\/es\/wp-content\/uploads\/2020\/09\/vitamix-explorian-300x300.jpg?resize=300%2C300\" alt=\"\" width=\"300\" height=\"300\" srcset=\"https:\/\/i0.wp.com\/www.kijimunas-kitchen.com\/es\/wp-content\/uploads\/2020\/09\/vitamix-explorian.jpg?resize=300%2C300&amp;ssl=1 300w, https:\/\/i0.wp.com\/www.kijimunas-kitchen.com\/es\/wp-content\/uploads\/2020\/09\/vitamix-explorian.jpg?resize=150%2C150&amp;ssl=1 150w, https:\/\/i0.wp.com\/www.kijimunas-kitchen.com\/es\/wp-content\/uploads\/2020\/09\/vitamix-explorian.jpg?resize=768%2C768&amp;ssl=1 768w, https:\/\/i0.wp.com\/www.kijimunas-kitchen.com\/es\/wp-content\/uploads\/2020\/09\/vitamix-explorian.jpg?resize=120%2C120&amp;ssl=1 120w, https:\/\/i0.wp.com\/www.kijimunas-kitchen.com\/es\/wp-content\/uploads\/2020\/09\/vitamix-explorian.jpg?w=1000&amp;ssl=1 1000w\" sizes=\"auto, (max-width: 300px) 100vw, 300px\" \/><\/a><\/h4>\n<p><a href=\"https:\/\/www.conasi.eu\/293-batidora-vitamix?afiliado=25062\" target=\"_blank\" rel=\"noopener\">Vitamix Explorian E310<\/a><\/p>\n<h4><a href=\"https:\/\/www.conasi.eu\/293-batidora-vitamix?afiliado=25062\" target=\"_blank\" rel=\"noopener\"><img data-recalc-dims=\"1\" decoding=\"async\" data-attachment-id=\"8109\" data-permalink=\"https:\/\/www.kijimunas-kitchen.com\/es\/batidoras-vitamix\/vitamix-ascent-2300i\/\" data-orig-file=\"https:\/\/i0.wp.com\/www.kijimunas-kitchen.com\/es\/wp-content\/uploads\/2020\/09\/vitamix-ascent-2300i.jpg?fit=1000%2C1000&amp;ssl=1\" data-orig-size=\"1000,1000\" data-comments-opened=\"1\" data-image-meta=\"{&quot;aperture&quot;:&quot;0&quot;,&quot;credit&quot;:&quot;&quot;,&quot;camera&quot;:&quot;&quot;,&quot;caption&quot;:&quot;&quot;,&quot;created_timestamp&quot;:&quot;0&quot;,&quot;copyright&quot;:&quot;&quot;,&quot;focal_length&quot;:&quot;0&quot;,&quot;iso&quot;:&quot;0&quot;,&quot;shutter_speed&quot;:&quot;0&quot;,&quot;title&quot;:&quot;&quot;,&quot;orientation&quot;:&quot;0&quot;}\" data-image-title=\"Vitamix Ascent 2300i\" data-image-description=\"\" data-image-caption=\"\" data-medium-file=\"https:\/\/i0.wp.com\/www.kijimunas-kitchen.com\/es\/wp-content\/uploads\/2020\/09\/vitamix-ascent-2300i.jpg?fit=300%2C300&amp;ssl=1\" data-large-file=\"https:\/\/i0.wp.com\/www.kijimunas-kitchen.com\/es\/wp-content\/uploads\/2020\/09\/vitamix-ascent-2300i.jpg?fit=840%2C840&amp;ssl=1\" loading=\"lazy\" class=\"alignnone wp-image-8109 size-medium\" src=\"https:\/\/i0.wp.com\/www.kijimunas-kitchen.com\/es\/wp-content\/uploads\/2020\/09\/vitamix-ascent-2300i.jpg?resize=300%2C300\" alt=\"Vitamix Ascent 2300i\" width=\"300\" height=\"300\" srcset=\"https:\/\/i0.wp.com\/www.kijimunas-kitchen.com\/es\/wp-content\/uploads\/2020\/09\/vitamix-ascent-2300i.jpg?resize=300%2C300&amp;ssl=1 300w, https:\/\/i0.wp.com\/www.kijimunas-kitchen.com\/es\/wp-content\/uploads\/2020\/09\/vitamix-ascent-2300i.jpg?resize=150%2C150&amp;ssl=1 150w, https:\/\/i0.wp.com\/www.kijimunas-kitchen.com\/es\/wp-content\/uploads\/2020\/09\/vitamix-ascent-2300i.jpg?resize=768%2C768&amp;ssl=1 768w, https:\/\/i0.wp.com\/www.kijimunas-kitchen.com\/es\/wp-content\/uploads\/2020\/09\/vitamix-ascent-2300i.jpg?resize=120%2C120&amp;ssl=1 120w, https:\/\/i0.wp.com\/www.kijimunas-kitchen.com\/es\/wp-content\/uploads\/2020\/09\/vitamix-ascent-2300i.jpg?w=1000&amp;ssl=1 1000w\" sizes=\"auto, (max-width: 300px) 100vw, 300px\" \/><\/a><\/h4>\n<p><a href=\"https:\/\/www.conasi.eu\/293-batidora-vitamix?afiliado=25062\" target=\"_blank\" rel=\"noopener\"><em>Vitamix Ascent 2300i<\/em><\/a><\/p><\/div>\n<div class='content-column one_half last_column'><p>Vitamix es otra de las batidoras turbo l\u00edderes del mercado. En Espa\u00f1a se distribuyen cuatro modelos, m\u00e1s b\u00e1sico y con jarras m\u00e1s peque\u00f1itas , o menos b\u00e1sico y con jarras de mayor capacidad. Incluso si quieres economizar espacio o llev\u00e1rtela de viaje encuentras un modelo <a href=\"https:\/\/www.conasi.eu\/293-batidora-vitamix?afiliado=25062\" target=\"_blank\" rel=\"noopener\">aqu\u00ed<\/a>.<\/p>\n<p>Todas permiten una microtrituraci\u00f3n impecable que rompe la fibra de vegetales, favoreciendo la absorci\u00f3n de nutrientes y ayudando a nuestra digesti\u00f3n.<\/p>\n<p>Como cabe de esperar, una gama de batidoras de esta calidad ha pensado en los materiales de sus jarras, libres de BPA y super resistentes al batido de cualquier ingrediente, como el contundente hielo.<\/p>\n<p>La lista de preparados que se pueden hacer con esta batidora es inacabable: sopas, cremas, pat\u00e9s, quesos vegetales, salsas, dips, mayonesas, helados, masas, harinas en seco, triturados a trocitos, batidos, mousse, helados, granizados.<\/p>\n<p>Una batidora\u00a0para toda la vida.<\/p>\n<p>Si te interesa puedes&#8230;<\/p>\n<h1><a href=\"https:\/\/www.conasi.eu\/293-batidora-vitamix?afiliado=25062\" target=\"_blank\" rel=\"noopener\"><span style=\"text-decoration: underline;\"><em><span style=\"color: #ff99cc; text-decoration: underline;\">Comprar aqu\u00ed<\/span><\/em><\/span><\/a><\/h1>\n<p>y\u00a0te puedo ofrecer un <strong>c\u00f3digo de descuento del 5%<\/strong>\u00a0para utilizar al hacer la compra una vez hayas ingresado a tu perfil de usuario. El c\u00f3digo es <strong>CNS-KIJIMUNAS<\/strong>\u00a0y es v\u00e1lido en la compra de cualquier producto de <a href=\"https:\/\/www.conasi.eu\/?afiliado=25062\" target=\"_blank\" rel=\"noopener\">esta web<\/a>.<\/p>\n<p><a href=\"http:\/\/www.kijimunas-kitchen.com\/es\/tienda\">Volver a la tienda<\/a><\/p><\/div><div class='clear_column'><\/div>\n","protected":false},"excerpt":{"rendered":"","protected":false},"author":1,"featured_media":0,"parent":0,"menu_order":101,"comment_status":"closed","ping_status":"closed","template":"","meta":{"nf_dc_page":"","jetpack_post_was_ever_published":false,"footnotes":""},"class_list":["post-7576","page","type-page","status-publish","hentry"],"aioseo_notices":[],"jetpack_sharing_enabled":true,"jetpack_shortlink":"https:\/\/wp.me\/P56CiV-1Yc","jetpack-related-posts":[],"_links":{"self":[{"href":"https:\/\/www.kijimunas-kitchen.com\/es\/wp-json\/wp\/v2\/pages\/7576","targetHints":{"allow":["GET"]}}],"collection":[{"href":"https:\/\/www.kijimunas-kitchen.com\/es\/wp-json\/wp\/v2\/pages"}],"about":[{"href":"https:\/\/www.kijimunas-kitchen.com\/es\/wp-json\/wp\/v2\/types\/page"}],"author":[{"embeddable":true,"href":"https:\/\/www.kijimunas-kitchen.com\/es\/wp-json\/wp\/v2\/users\/1"}],"replies":[{"embeddable":true,"href":"https:\/\/www.kijimunas-kitchen.com\/es\/wp-json\/wp\/v2\/comments?post=7576"}],"version-history":[{"count":5,"href":"https:\/\/www.kijimunas-kitchen.com\/es\/wp-json\/wp\/v2\/pages\/7576\/revisions"}],"predecessor-version":[{"id":8134,"href":"https:\/\/www.kijimunas-kitchen.com\/es\/wp-json\/wp\/v2\/pages\/7576\/revisions\/8134"}],"wp:attachment":[{"href":"https:\/\/www.kijimunas-kitchen.com\/es\/wp-json\/wp\/v2\/media?parent=7576"}],"curies":[{"name":"wp","href":"https:\/\/api.w.org\/{rel}","templated":true}]}}