{"id":7579,"date":"2017-10-11T08:49:22","date_gmt":"2017-10-11T08:49:22","guid":{"rendered":"http:\/\/www.kijimunas-kitchen.com\/es\/?page_id=7579"},"modified":"2017-10-17T23:24:35","modified_gmt":"2017-10-17T23:24:35","slug":"extractores-zumo-cold-press","status":"publish","type":"page","link":"https:\/\/www.kijimunas-kitchen.com\/es\/extractores-zumo-cold-press\/","title":{"rendered":"Extractores de zumo cold press"},"content":{"rendered":"<div class='content-column one_half'><p><a href=\"http:\/\/www.kijimunas-kitchen.com\/es\/tienda\">Volver a la tienda<\/a><\/p>\n<h4><a href=\"https:\/\/www.conasi.eu\/extractores-de-zumo\/866-extractor-de-zumos-angel-juicer-7500.html?search_query=angel&amp;afiliado=25062\" target=\"_blank\" rel=\"noopener\"><img data-recalc-dims=\"1\" decoding=\"async\" data-attachment-id=\"7549\" data-permalink=\"https:\/\/www.kijimunas-kitchen.com\/es\/tienda\/extractor-de-zumos-angel-juicer-8500\/\" data-orig-file=\"https:\/\/i0.wp.com\/www.kijimunas-kitchen.com\/es\/wp-content\/uploads\/2017\/10\/extractor-de-zumos-angel-juicer-8500.jpg?fit=500%2C500&amp;ssl=1\" data-orig-size=\"500,500\" data-comments-opened=\"1\" data-image-meta=\"{&quot;aperture&quot;:&quot;0&quot;,&quot;credit&quot;:&quot;&quot;,&quot;camera&quot;:&quot;&quot;,&quot;caption&quot;:&quot;&quot;,&quot;created_timestamp&quot;:&quot;0&quot;,&quot;copyright&quot;:&quot;&quot;,&quot;focal_length&quot;:&quot;0&quot;,&quot;iso&quot;:&quot;0&quot;,&quot;shutter_speed&quot;:&quot;0&quot;,&quot;title&quot;:&quot;&quot;,&quot;orientation&quot;:&quot;0&quot;}\" data-image-title=\"Extractor de zumos Angel 8500\" data-image-description=\"\" data-image-caption=\"&lt;p&gt;Extractor de zumos Angel 8500&lt;\/p&gt;\n\" data-medium-file=\"https:\/\/i0.wp.com\/www.kijimunas-kitchen.com\/es\/wp-content\/uploads\/2017\/10\/extractor-de-zumos-angel-juicer-8500.jpg?fit=300%2C300&amp;ssl=1\" data-large-file=\"https:\/\/i0.wp.com\/www.kijimunas-kitchen.com\/es\/wp-content\/uploads\/2017\/10\/extractor-de-zumos-angel-juicer-8500.jpg?fit=500%2C500&amp;ssl=1\" loading=\"lazy\" class=\"alignnone wp-image-7549\" src=\"https:\/\/i0.wp.com\/www.kijimunas-kitchen.com\/es\/wp-content\/uploads\/2017\/10\/extractor-de-zumos-angel-juicer-8500.jpg?resize=300%2C300\" alt=\"Extractor de zumos Angel 7500\" width=\"300\" height=\"300\" srcset=\"https:\/\/i0.wp.com\/www.kijimunas-kitchen.com\/es\/wp-content\/uploads\/2017\/10\/extractor-de-zumos-angel-juicer-8500.jpg?resize=300%2C300&amp;ssl=1 300w, https:\/\/i0.wp.com\/www.kijimunas-kitchen.com\/es\/wp-content\/uploads\/2017\/10\/extractor-de-zumos-angel-juicer-8500.jpg?resize=150%2C150&amp;ssl=1 150w, https:\/\/i0.wp.com\/www.kijimunas-kitchen.com\/es\/wp-content\/uploads\/2017\/10\/extractor-de-zumos-angel-juicer-8500.jpg?resize=120%2C120&amp;ssl=1 120w, https:\/\/i0.wp.com\/www.kijimunas-kitchen.com\/es\/wp-content\/uploads\/2017\/10\/extractor-de-zumos-angel-juicer-8500.jpg?w=500&amp;ssl=1 500w\" sizes=\"auto, (max-width: 300px) 100vw, 300px\" \/><\/a><\/h4>\n<p><a href=\"https:\/\/www.conasi.eu\/extractores-de-zumo\/866-extractor-de-zumos-angel-juicer-7500.html?search_query=angel&amp;afiliado=25062\" target=\"_blank\" rel=\"noopener\">Extractor de zumos Angel 7500<\/a><\/p>\n<h4><a href=\"https:\/\/www.conasi.eu\/extractores-de-zumo\/31-greenstar-elite.html?search_query=Extractor+de+zumos+Greenstar+Elite&amp;results=2&amp;afiliado=25062\" target=\"_blank\" rel=\"noopener\"><img data-recalc-dims=\"1\" decoding=\"async\" data-attachment-id=\"7550\" data-permalink=\"https:\/\/www.kijimunas-kitchen.com\/es\/tienda\/extractor-de-zumos-greenstar-elite\/\" data-orig-file=\"https:\/\/i0.wp.com\/www.kijimunas-kitchen.com\/es\/wp-content\/uploads\/2017\/10\/extractor-de-zumos-greenstar-elite.jpg?fit=500%2C500&amp;ssl=1\" data-orig-size=\"500,500\" data-comments-opened=\"1\" data-image-meta=\"{&quot;aperture&quot;:&quot;0&quot;,&quot;credit&quot;:&quot;&quot;,&quot;camera&quot;:&quot;&quot;,&quot;caption&quot;:&quot;&quot;,&quot;created_timestamp&quot;:&quot;0&quot;,&quot;copyright&quot;:&quot;&quot;,&quot;focal_length&quot;:&quot;0&quot;,&quot;iso&quot;:&quot;0&quot;,&quot;shutter_speed&quot;:&quot;0&quot;,&quot;title&quot;:&quot;&quot;,&quot;orientation&quot;:&quot;0&quot;}\" data-image-title=\"Extractor de zumos Greenstar Elite\" data-image-description=\"\" data-image-caption=\"&lt;p&gt;Extractor de zumos Greenstar Elite&lt;\/p&gt;\n\" data-medium-file=\"https:\/\/i0.wp.com\/www.kijimunas-kitchen.com\/es\/wp-content\/uploads\/2017\/10\/extractor-de-zumos-greenstar-elite.jpg?fit=300%2C300&amp;ssl=1\" data-large-file=\"https:\/\/i0.wp.com\/www.kijimunas-kitchen.com\/es\/wp-content\/uploads\/2017\/10\/extractor-de-zumos-greenstar-elite.jpg?fit=500%2C500&amp;ssl=1\" loading=\"lazy\" class=\"wp-image-7550 size-medium\" src=\"https:\/\/i0.wp.com\/www.kijimunas-kitchen.com\/es\/wp-content\/uploads\/2017\/10\/extractor-de-zumos-greenstar-elite-300x300.jpg?resize=300%2C300\" alt=\"Extractor de zumos Greenstar Elite\" width=\"300\" height=\"300\" srcset=\"https:\/\/i0.wp.com\/www.kijimunas-kitchen.com\/es\/wp-content\/uploads\/2017\/10\/extractor-de-zumos-greenstar-elite.jpg?resize=300%2C300&amp;ssl=1 300w, https:\/\/i0.wp.com\/www.kijimunas-kitchen.com\/es\/wp-content\/uploads\/2017\/10\/extractor-de-zumos-greenstar-elite.jpg?resize=150%2C150&amp;ssl=1 150w, https:\/\/i0.wp.com\/www.kijimunas-kitchen.com\/es\/wp-content\/uploads\/2017\/10\/extractor-de-zumos-greenstar-elite.jpg?resize=120%2C120&amp;ssl=1 120w, https:\/\/i0.wp.com\/www.kijimunas-kitchen.com\/es\/wp-content\/uploads\/2017\/10\/extractor-de-zumos-greenstar-elite.jpg?w=500&amp;ssl=1 500w\" sizes=\"auto, (max-width: 300px) 100vw, 300px\" \/><\/a><\/h4>\n<p><a href=\"https:\/\/www.conasi.eu\/extractores-de-zumo\/31-greenstar-elite.html?search_query=Extractor+de+zumos+Greenstar+Elite&amp;results=2&amp;afiliado=25062\" target=\"_blank\" rel=\"noopener\">Extractor de zumos Greenstar Elite<\/a><\/p>\n<h4><a href=\"https:\/\/www.conasi.eu\/extractores-de-zumo\/1487-extractor-zumos-greenstar-elite-5050.html?search_query=Extractor+de+zumos+Greenstar+Elite&amp;results=2&amp;afiliado=25062\" target=\"_blank\" rel=\"noopener\"><img data-recalc-dims=\"1\" decoding=\"async\" data-attachment-id=\"7551\" data-permalink=\"https:\/\/www.kijimunas-kitchen.com\/es\/tienda\/extractor-zumos-greenstar-elite-5050\/\" data-orig-file=\"https:\/\/i0.wp.com\/www.kijimunas-kitchen.com\/es\/wp-content\/uploads\/2017\/10\/extractor-zumos-greenstar-elite-5050.jpg?fit=500%2C500&amp;ssl=1\" data-orig-size=\"500,500\" data-comments-opened=\"1\" data-image-meta=\"{&quot;aperture&quot;:&quot;0&quot;,&quot;credit&quot;:&quot;&quot;,&quot;camera&quot;:&quot;&quot;,&quot;caption&quot;:&quot;&quot;,&quot;created_timestamp&quot;:&quot;0&quot;,&quot;copyright&quot;:&quot;&quot;,&quot;focal_length&quot;:&quot;0&quot;,&quot;iso&quot;:&quot;0&quot;,&quot;shutter_speed&quot;:&quot;0&quot;,&quot;title&quot;:&quot;&quot;,&quot;orientation&quot;:&quot;0&quot;}\" data-image-title=\"Extractor de zumos Greenstar Elite 5050\" data-image-description=\"\" data-image-caption=\"&lt;p&gt;Extractor de zumos Greenstar Elite 5050&lt;\/p&gt;\n\" data-medium-file=\"https:\/\/i0.wp.com\/www.kijimunas-kitchen.com\/es\/wp-content\/uploads\/2017\/10\/extractor-zumos-greenstar-elite-5050.jpg?fit=300%2C300&amp;ssl=1\" data-large-file=\"https:\/\/i0.wp.com\/www.kijimunas-kitchen.com\/es\/wp-content\/uploads\/2017\/10\/extractor-zumos-greenstar-elite-5050.jpg?fit=500%2C500&amp;ssl=1\" loading=\"lazy\" class=\"wp-image-7551 size-medium\" src=\"https:\/\/i0.wp.com\/www.kijimunas-kitchen.com\/es\/wp-content\/uploads\/2017\/10\/extractor-zumos-greenstar-elite-5050.jpg?resize=300%2C300\" alt=\"Extractor de zumos Greenstar Elite 5050\" width=\"300\" height=\"300\" srcset=\"https:\/\/i0.wp.com\/www.kijimunas-kitchen.com\/es\/wp-content\/uploads\/2017\/10\/extractor-zumos-greenstar-elite-5050.jpg?resize=300%2C300&amp;ssl=1 300w, https:\/\/i0.wp.com\/www.kijimunas-kitchen.com\/es\/wp-content\/uploads\/2017\/10\/extractor-zumos-greenstar-elite-5050.jpg?resize=150%2C150&amp;ssl=1 150w, https:\/\/i0.wp.com\/www.kijimunas-kitchen.com\/es\/wp-content\/uploads\/2017\/10\/extractor-zumos-greenstar-elite-5050.jpg?resize=120%2C120&amp;ssl=1 120w, https:\/\/i0.wp.com\/www.kijimunas-kitchen.com\/es\/wp-content\/uploads\/2017\/10\/extractor-zumos-greenstar-elite-5050.jpg?w=500&amp;ssl=1 500w\" sizes=\"auto, (max-width: 300px) 100vw, 300px\" \/><\/a><\/h4>\n<p><a href=\"https:\/\/www.conasi.eu\/extractores-de-zumo\/1487-extractor-zumos-greenstar-elite-5050.html?search_query=Extractor+de+zumos+Greenstar+Elite&amp;results=2&amp;afiliado=25062\" target=\"_blank\" rel=\"noopener\">Extractor de zumos Greenstar Elite 5050<\/a><\/p><\/div>\n<div class='content-column one_half last_column'><p>Una pregunta que me hacen a menudo sobre c\u00f3mo equipar la cocina si quieres seguir una dieta cruda y vitalizan es la siguiente: \u00bfqu\u00e9 electrodom\u00e9sticos y utensilios son los imprescindibles?<\/p>\n<p>Y la respuesta, la verdad, es que depende muchos factores, no tengo una respuesta \u00fanica. \u00bfQuien lo pregunta\u00a0es una persona que le gusta pasar tiempo cocinando?\u00a0\u00bfO tiene alg\u00fan problema digestivo o de salud? \u00bfCu\u00e1l es el presupuesto del que se dispone?<\/p>\n<p>Yo te puedo contar que en mi caso, la primera inversi\u00f3n costosa que hice en mi cocina fue en un extractor lento de zumos por masticaci\u00f3n o prensado \u2014no por corte\u2014 o como se los conoce en ingl\u00e9s un &#8220;cold press juicer&#8221; o &#8220;slow juicer&#8221;. Mi motivo fue de salud. Quer\u00eda un aparato que me permitiese obtener el m\u00e1ximo de nutrientes de los alimentos sin que perdiesen propiedades. Quer\u00eda incluir en mi dieta lo m\u00e1s vital, antioxidante y anti-aging pero no le pod\u00eda pedir a mi sistema digestiones lentas ni dif\u00edciles. Lo que necesitaba era la esencia de los mejores alimentos, de los m\u00e1s curativos, y por eso adquir\u00ed un extractor lento de zumos tan pronto pude. \u00bfLa verdad? Nunca hice una mejor inversi\u00f3n en la cocina.<\/p>\n<p>En aqu\u00e9llos momentos\u00a0no hab\u00eda la inacabable lista de productos que encontramos hoy d\u00eda en el mercado, y los precios eran a\u00fan m\u00e1s elevados. As\u00ed que eleg\u00ed un Slow Juicer vertical <a href=\"https:\/\/www.conasi.eu\/extractores-de-zumo\/1642-extractor-zumos-versapers-4g-plus-plata.html?search_query=versapers&amp;afiliado=25062\" target=\"_blank\" rel=\"noopener\">como \u00e9stos<\/a> que me ha servido durante muchos a\u00f1os. El modelo de entonces ya no se fabrica, era uno de los primeros modelos que se vend\u00edan entonces.<\/p>\n<p>Hoy d\u00eda,\u00a0si me tuviera que comprar de nuevo un extractor de zumos, sin duda escoger\u00eda uno horizontal. \u00bfPor qu\u00e9? Pues porque al final los zumos que m\u00e1s preparo son de vegetales y hojas, muy fibrosos y resistentes, nunca hago zumos de frutas; y los extractores de zumo verticales est\u00e1n especialmente dise\u00f1ados para este tipo de fibra, son m\u00e1s potentes, y su sistema de rodillos extrae la mayor cantidad de zumo sin problemas, sin atascarse y sin calentar los ingredientes \u2014cosa que hace que los nutrientes se deterioren.<\/p>\n<p>Para m\u00ed, los mejores extractores son de la marca <a href=\"https:\/\/www.conasi.eu\/extractores-de-zumo\/866-extractor-de-zumos-angel-juicer-7500.html?search_query=angel&amp;afiliado=25062\" target=\"_blank\" rel=\"noopener\">Angel<\/a>. S\u00ed, son los m\u00e1s caros, pero si lo tienes claro, \u00e9ste es el tuyo.\u00a0Aunque los extractores\u00a0<a href=\"https:\/\/www.conasi.eu\/extractores-de-zumo\/1487-extractor-zumos-greenstar-elite-5050.html?search_query=greenstar&amp;results=2&amp;afiliado=25062\" target=\"_blank\" rel=\"noopener\">Greenstar<\/a> son tambi\u00e9n fant\u00e1sticos.<\/p>\n<p>Los diferentes modelos tienen opciones de filtro con los que podr\u00e1s preprarar tambi\u00e9n leches vegetales, mantequillas de frutos secos y semillas, pur\u00e9s y mousse. Lo mejor, todo sin calentar ni cambiar la estructura molecular de los alimentos, manteniendo el alimento lo m\u00e1s similar posible a su estado natural sin manipular.<\/p>\n<p>Si te interesa puedes&#8230;<\/p>\n<h1><a href=\"https:\/\/www.conasi.eu\/buscar?controller=search&amp;orderby=price&amp;orderway=desc&amp;search_query=extractor+de+zumo&amp;afiliado=25062\" target=\"_blank\" rel=\"noopener\"><span style=\"text-decoration: underline;\"><em><span style=\"color: #ff99cc; text-decoration: underline;\">Comprar aqu\u00ed<\/span><\/em><\/span><\/a><\/h1>\n<p>y\u00a0te puedo ofrecer un <strong>c\u00f3digo de descuento del 5%<\/strong>\u00a0para utilizar al hacer la compra una vez hayas ingresado a tu perfil de usuario. El c\u00f3digo es <strong>CNS-KIJIMUNAS<\/strong>\u00a0y es v\u00e1lido en la compra de cualquier producto de <a href=\"https:\/\/www.conasi.eu\/?afiliado=25062\" target=\"_blank\" rel=\"noopener\">esta web<\/a>.<\/p>\n<p><a href=\"http:\/\/www.kijimunas-kitchen.com\/es\/tienda\">Volver a la tienda<\/a><\/p><\/div><div class='clear_column'><\/div>\n","protected":false},"excerpt":{"rendered":"","protected":false},"author":1,"featured_media":0,"parent":0,"menu_order":102,"comment_status":"closed","ping_status":"closed","template":"","meta":{"nf_dc_page":"","jetpack_post_was_ever_published":false,"footnotes":""},"class_list":["post-7579","page","type-page","status-publish","hentry"],"aioseo_notices":[],"jetpack_sharing_enabled":true,"jetpack_shortlink":"https:\/\/wp.me\/P56CiV-1Yf","jetpack-related-posts":[],"_links":{"self":[{"href":"https:\/\/www.kijimunas-kitchen.com\/es\/wp-json\/wp\/v2\/pages\/7579","targetHints":{"allow":["GET"]}}],"collection":[{"href":"https:\/\/www.kijimunas-kitchen.com\/es\/wp-json\/wp\/v2\/pages"}],"about":[{"href":"https:\/\/www.kijimunas-kitchen.com\/es\/wp-json\/wp\/v2\/types\/page"}],"author":[{"embeddable":true,"href":"https:\/\/www.kijimunas-kitchen.com\/es\/wp-json\/wp\/v2\/users\/1"}],"replies":[{"embeddable":true,"href":"https:\/\/www.kijimunas-kitchen.com\/es\/wp-json\/wp\/v2\/comments?post=7579"}],"version-history":[{"count":5,"href":"https:\/\/www.kijimunas-kitchen.com\/es\/wp-json\/wp\/v2\/pages\/7579\/revisions"}],"predecessor-version":[{"id":7762,"href":"https:\/\/www.kijimunas-kitchen.com\/es\/wp-json\/wp\/v2\/pages\/7579\/revisions\/7762"}],"wp:attachment":[{"href":"https:\/\/www.kijimunas-kitchen.com\/es\/wp-json\/wp\/v2\/media?parent=7579"}],"curies":[{"name":"wp","href":"https:\/\/api.w.org\/{rel}","templated":true}]}}