{"id":7583,"date":"2017-10-12T23:14:28","date_gmt":"2017-10-12T23:14:28","guid":{"rendered":"http:\/\/www.kijimunas-kitchen.com\/es\/?page_id=7583"},"modified":"2017-10-17T23:24:42","modified_gmt":"2017-10-17T23:24:42","slug":"batidora-personal-blender","status":"publish","type":"page","link":"https:\/\/www.kijimunas-kitchen.com\/es\/batidora-personal-blender\/","title":{"rendered":"Batidora Personal Blender"},"content":{"rendered":"<div class='content-column one_half'><p><a href=\"http:\/\/www.kijimunas-kitchen.com\/es\/tienda\/\">Volver a la tienda<\/a><\/p>\n<h4><a href=\"https:\/\/www.conasi.eu\/batidoras\/1834-batidora-personal-blender-pb-350-xl.html?search_query=persona&amp;afiliado=25062\" target=\"_blank\" rel=\"noopener\"><img data-recalc-dims=\"1\" decoding=\"async\" data-attachment-id=\"7541\" data-permalink=\"https:\/\/www.kijimunas-kitchen.com\/es\/tienda\/batidora-personal-blender-pb-350-xl\/\" data-orig-file=\"https:\/\/i0.wp.com\/www.kijimunas-kitchen.com\/es\/wp-content\/uploads\/2017\/10\/batidora-personal-blender-pb-350-xl.jpg?fit=500%2C500&amp;ssl=1\" data-orig-size=\"500,500\" data-comments-opened=\"1\" data-image-meta=\"{&quot;aperture&quot;:&quot;0&quot;,&quot;credit&quot;:&quot;&quot;,&quot;camera&quot;:&quot;&quot;,&quot;caption&quot;:&quot;&quot;,&quot;created_timestamp&quot;:&quot;0&quot;,&quot;copyright&quot;:&quot;&quot;,&quot;focal_length&quot;:&quot;0&quot;,&quot;iso&quot;:&quot;0&quot;,&quot;shutter_speed&quot;:&quot;0&quot;,&quot;title&quot;:&quot;&quot;,&quot;orientation&quot;:&quot;0&quot;}\" data-image-title=\"Batidora Personal Blender\" data-image-description=\"\" data-image-caption=\"&lt;p&gt;Batidora Personal Blender&lt;\/p&gt;\n\" data-medium-file=\"https:\/\/i0.wp.com\/www.kijimunas-kitchen.com\/es\/wp-content\/uploads\/2017\/10\/batidora-personal-blender-pb-350-xl.jpg?fit=300%2C300&amp;ssl=1\" data-large-file=\"https:\/\/i0.wp.com\/www.kijimunas-kitchen.com\/es\/wp-content\/uploads\/2017\/10\/batidora-personal-blender-pb-350-xl.jpg?fit=500%2C500&amp;ssl=1\" loading=\"lazy\" class=\"wp-image-7541 size-medium\" src=\"https:\/\/i0.wp.com\/www.kijimunas-kitchen.com\/es\/wp-content\/uploads\/2017\/10\/batidora-personal-blender-pb-350-xl.jpg?resize=300%2C300\" alt=\"Batidora Personal Blender\" width=\"300\" height=\"300\" srcset=\"https:\/\/i0.wp.com\/www.kijimunas-kitchen.com\/es\/wp-content\/uploads\/2017\/10\/batidora-personal-blender-pb-350-xl.jpg?resize=300%2C300&amp;ssl=1 300w, https:\/\/i0.wp.com\/www.kijimunas-kitchen.com\/es\/wp-content\/uploads\/2017\/10\/batidora-personal-blender-pb-350-xl.jpg?resize=150%2C150&amp;ssl=1 150w, https:\/\/i0.wp.com\/www.kijimunas-kitchen.com\/es\/wp-content\/uploads\/2017\/10\/batidora-personal-blender-pb-350-xl.jpg?resize=120%2C120&amp;ssl=1 120w, https:\/\/i0.wp.com\/www.kijimunas-kitchen.com\/es\/wp-content\/uploads\/2017\/10\/batidora-personal-blender-pb-350-xl.jpg?w=500&amp;ssl=1 500w\" sizes=\"auto, (max-width: 300px) 100vw, 300px\" \/><\/a><\/h4>\n<p><a href=\"https:\/\/www.conasi.eu\/batidoras\/1834-batidora-personal-blender-pb-350-xl.html?search_query=persona&amp;afiliado=25062\" target=\"_blank\" rel=\"noopener\">Batidora Personal Blender<\/a><\/p><\/div>\n<div class='content-column one_half last_column'><div class=\"content_scene_cat hidden-xs\">\n<div class=\"content_scene_cat_bg \">\n<div class=\"cat_desc\">\n<div id=\"category_description_full\">\n<p>Esta batidora es un complemento ideal. En la cocina la puedes utilizar a diario para picar hierbas o moler cantidades peque\u00f1as de semillas o frutos secos, e incluso para preparar tus batidos de fruta y hojas verdes, ali\u00f1os y mayonesas. Si sales de viaje te la puedes llevar sin problemas, ocupa en tu maleta lo que ocupa un par de zapatos. Es una soluci\u00f3n\u00a0muy resultona para que te hagas tus batidos en cualquier lugar: los vasos de la batidora \u2014los hay de\u00a0diferente tama\u00f1o\u2014 los puedes utilizar tambi\u00e9n como vaso. Incluso incluyen una tapa por si quieres guardar en la nevera alguna elaboraci\u00f3n para m\u00e1s tarde.<\/p>\n<p>Los vasos de la batidora pueden ser de Tritan (libre de t\u00f3xicos, sin BPA) o de vidrio.<\/p>\n<p>Existen diferentes modelos: <a title=\"Personal Blender 150\" href=\"https:\/\/www.conasi.eu\/batidoras\/1247-batidora-personal-blender-pb-150.html\" target=\"_blank\" rel=\"noopener\">PB150<\/a>, <a title=\"Personal Blender 250\" href=\"https:\/\/www.conasi.eu\/batidoras\/1249-batidora-personal-blender-pb-250.html\" target=\"_blank\" rel=\"noopener\">PB250<\/a>, <a title=\"Personal Blender 350\" href=\"https:\/\/www.conasi.eu\/batidoras\/710-batidora-personal-blender-pb-350.html\" target=\"_blank\" rel=\"noopener\">PB350<\/a> y los nuevos modelos <a title=\"personal blender 250 XL\" href=\"https:\/\/www.conasi.eu\/batidoras\/1835-batidora-personal-blender-pb-250-xl.html\" target=\"_blank\" rel=\"noopener\">250 XL<\/a> y <a title=\"personal blender 350 xl\" href=\"https:\/\/www.conasi.eu\/batidoras\/1834-batidora-personal-blender-pb-350-xl.html?afiliado=25062\" target=\"_blank\" rel=\"noopener\">350 XL<\/a>. Adem\u00e1s de todos sus accesorios que puedes comprar por separado.<\/p>\n<\/div>\n<p>Si te interesa puedes&#8230;<\/p>\n<h1><a href=\"https:\/\/www.conasi.eu\/batidoras\/1834-batidora-personal-blender-pb-350-xl.html?search_query=persona&amp;afiliado=25062\" target=\"_blank\" rel=\"noopener\"><span style=\"text-decoration: underline;\"><em><span style=\"color: #ff99cc; text-decoration: underline;\">Comprar aqu\u00ed<\/span><\/em><\/span><\/a><\/h1>\n<p>y\u00a0te puedo ofrecer un <strong>c\u00f3digo de descuento del 5%<\/strong>\u00a0para utilizar al hacer la compra una vez hayas ingresado a tu perfil de usuario. El c\u00f3digo es <strong>CNS-KIJIMUNAS<\/strong>\u00a0y es v\u00e1lido en la compra de cualquier producto de <a href=\"https:\/\/www.conasi.eu\/?afiliado=25062\" target=\"_blank\" rel=\"noopener\">esta web<\/a>.<\/p>\n<p><a href=\"http:\/\/www.kijimunas-kitchen.com\/es\/tienda\/\">Volver a la tienda<\/a><\/p>\n<\/div>\n<\/div>\n<\/div><\/div><div class='clear_column'><\/div>\n","protected":false},"excerpt":{"rendered":"","protected":false},"author":1,"featured_media":0,"parent":0,"menu_order":103,"comment_status":"closed","ping_status":"closed","template":"","meta":{"nf_dc_page":"","jetpack_post_was_ever_published":false,"footnotes":""},"class_list":["post-7583","page","type-page","status-publish","hentry"],"aioseo_notices":[],"jetpack_sharing_enabled":true,"jetpack_shortlink":"https:\/\/wp.me\/P56CiV-1Yj","jetpack-related-posts":[],"_links":{"self":[{"href":"https:\/\/www.kijimunas-kitchen.com\/es\/wp-json\/wp\/v2\/pages\/7583","targetHints":{"allow":["GET"]}}],"collection":[{"href":"https:\/\/www.kijimunas-kitchen.com\/es\/wp-json\/wp\/v2\/pages"}],"about":[{"href":"https:\/\/www.kijimunas-kitchen.com\/es\/wp-json\/wp\/v2\/types\/page"}],"author":[{"embeddable":true,"href":"https:\/\/www.kijimunas-kitchen.com\/es\/wp-json\/wp\/v2\/users\/1"}],"replies":[{"embeddable":true,"href":"https:\/\/www.kijimunas-kitchen.com\/es\/wp-json\/wp\/v2\/comments?post=7583"}],"version-history":[{"count":5,"href":"https:\/\/www.kijimunas-kitchen.com\/es\/wp-json\/wp\/v2\/pages\/7583\/revisions"}],"predecessor-version":[{"id":7763,"href":"https:\/\/www.kijimunas-kitchen.com\/es\/wp-json\/wp\/v2\/pages\/7583\/revisions\/7763"}],"wp:attachment":[{"href":"https:\/\/www.kijimunas-kitchen.com\/es\/wp-json\/wp\/v2\/media?parent=7583"}],"curies":[{"name":"wp","href":"https:\/\/api.w.org\/{rel}","templated":true}]}}