{"id":7589,"date":"2017-10-11T09:02:46","date_gmt":"2017-10-11T09:02:46","guid":{"rendered":"http:\/\/www.kijimunas-kitchen.com\/es\/?page_id=7589"},"modified":"2017-10-24T10:32:24","modified_gmt":"2017-10-24T10:32:24","slug":"fermentadora-slow-cooker-brod-taylor","status":"publish","type":"page","link":"https:\/\/www.kijimunas-kitchen.com\/es\/fermentadora-slow-cooker-brod-taylor\/","title":{"rendered":"Fermentadora Slow Cooker Br\u00f6d Taylor"},"content":{"rendered":"<div class='content-column one_half'><p><a href=\"http:\/\/www.kijimunas-kitchen.com\/es\/tienda\">Volver a la tienda<\/a><\/p>\n<p>&nbsp;<\/p>\n<h4><a href=\"https:\/\/www.conasi.eu\/fermentacion\/1626-fermentadora-slow-cooker-brod-taylor.html?search_query=fermen&amp;afiliado=25062\" target=\"_blank\" rel=\"noopener\"><img data-recalc-dims=\"1\" decoding=\"async\" data-attachment-id=\"7552\" data-permalink=\"https:\/\/www.kijimunas-kitchen.com\/es\/tienda\/fermentadora-slow-cooker-brod-taylor-calentar\/\" data-orig-file=\"https:\/\/i0.wp.com\/www.kijimunas-kitchen.com\/es\/wp-content\/uploads\/2017\/10\/fermentadora-slow-cooker-brod-taylor-calentar.jpg?fit=500%2C500&amp;ssl=1\" data-orig-size=\"500,500\" data-comments-opened=\"1\" data-image-meta=\"{&quot;aperture&quot;:&quot;0&quot;,&quot;credit&quot;:&quot;&quot;,&quot;camera&quot;:&quot;&quot;,&quot;caption&quot;:&quot;&quot;,&quot;created_timestamp&quot;:&quot;0&quot;,&quot;copyright&quot;:&quot;&quot;,&quot;focal_length&quot;:&quot;0&quot;,&quot;iso&quot;:&quot;0&quot;,&quot;shutter_speed&quot;:&quot;0&quot;,&quot;title&quot;:&quot;&quot;,&quot;orientation&quot;:&quot;0&quot;}\" data-image-title=\"Fermentadora Slow Cooker Br\u00f6d Taylor\" data-image-description=\"\" data-image-caption=\"&lt;p&gt;Fermentadora Slow Cooker Br\u00f6d Taylor&lt;\/p&gt;\n\" data-medium-file=\"https:\/\/i0.wp.com\/www.kijimunas-kitchen.com\/es\/wp-content\/uploads\/2017\/10\/fermentadora-slow-cooker-brod-taylor-calentar.jpg?fit=300%2C300&amp;ssl=1\" data-large-file=\"https:\/\/i0.wp.com\/www.kijimunas-kitchen.com\/es\/wp-content\/uploads\/2017\/10\/fermentadora-slow-cooker-brod-taylor-calentar.jpg?fit=500%2C500&amp;ssl=1\" loading=\"lazy\" class=\"wp-image-7552 size-medium\" src=\"https:\/\/i0.wp.com\/www.kijimunas-kitchen.com\/es\/wp-content\/uploads\/2017\/10\/fermentadora-slow-cooker-brod-taylor-calentar.jpg?resize=300%2C300\" alt=\"Fermentadora Slow Cooker Br\u00f6d Taylor\" width=\"300\" height=\"300\" srcset=\"https:\/\/i0.wp.com\/www.kijimunas-kitchen.com\/es\/wp-content\/uploads\/2017\/10\/fermentadora-slow-cooker-brod-taylor-calentar.jpg?resize=300%2C300&amp;ssl=1 300w, https:\/\/i0.wp.com\/www.kijimunas-kitchen.com\/es\/wp-content\/uploads\/2017\/10\/fermentadora-slow-cooker-brod-taylor-calentar.jpg?resize=150%2C150&amp;ssl=1 150w, https:\/\/i0.wp.com\/www.kijimunas-kitchen.com\/es\/wp-content\/uploads\/2017\/10\/fermentadora-slow-cooker-brod-taylor-calentar.jpg?resize=120%2C120&amp;ssl=1 120w, https:\/\/i0.wp.com\/www.kijimunas-kitchen.com\/es\/wp-content\/uploads\/2017\/10\/fermentadora-slow-cooker-brod-taylor-calentar.jpg?w=500&amp;ssl=1 500w\" sizes=\"auto, (max-width: 300px) 100vw, 300px\" \/><\/a><\/h4>\n<p><a href=\"https:\/\/www.conasi.eu\/fermentacion\/1626-fermentadora-slow-cooker-brod-taylor.html?search_query=fermen&amp;afiliado=25062\" target=\"_blank\" rel=\"noopener\">Fermentadora Slow Cooker Br\u00f6d Taylor<\/a><\/p>\n<h4><a href=\"https:\/\/www.conasi.eu\/fermentacion\/1626-fermentadora-slow-cooker-brod-taylor.html?search_query=fermen&amp;afiliado=25062\" target=\"_blank\" rel=\"noopener\"><img data-recalc-dims=\"1\" decoding=\"async\" data-attachment-id=\"7553\" data-permalink=\"https:\/\/www.kijimunas-kitchen.com\/es\/tienda\/fermentadora-slow-cooker-brod-taylor-plegada\/\" data-orig-file=\"https:\/\/i0.wp.com\/www.kijimunas-kitchen.com\/es\/wp-content\/uploads\/2017\/10\/fermentadora-slow-cooker-brod-taylor-plegada.jpg?fit=500%2C500&amp;ssl=1\" data-orig-size=\"500,500\" data-comments-opened=\"1\" data-image-meta=\"{&quot;aperture&quot;:&quot;0&quot;,&quot;credit&quot;:&quot;&quot;,&quot;camera&quot;:&quot;&quot;,&quot;caption&quot;:&quot;&quot;,&quot;created_timestamp&quot;:&quot;0&quot;,&quot;copyright&quot;:&quot;&quot;,&quot;focal_length&quot;:&quot;0&quot;,&quot;iso&quot;:&quot;0&quot;,&quot;shutter_speed&quot;:&quot;0&quot;,&quot;title&quot;:&quot;&quot;,&quot;orientation&quot;:&quot;0&quot;}\" data-image-title=\"Fermentadora Slow Cooker Br\u00f6d Taylor\" data-image-description=\"\" data-image-caption=\"&lt;p&gt;Fermentadora Slow Cooker Br\u00f6d Taylor&lt;\/p&gt;\n\" data-medium-file=\"https:\/\/i0.wp.com\/www.kijimunas-kitchen.com\/es\/wp-content\/uploads\/2017\/10\/fermentadora-slow-cooker-brod-taylor-plegada.jpg?fit=300%2C300&amp;ssl=1\" data-large-file=\"https:\/\/i0.wp.com\/www.kijimunas-kitchen.com\/es\/wp-content\/uploads\/2017\/10\/fermentadora-slow-cooker-brod-taylor-plegada.jpg?fit=500%2C500&amp;ssl=1\" loading=\"lazy\" class=\"wp-image-7553 size-medium\" src=\"https:\/\/i0.wp.com\/www.kijimunas-kitchen.com\/es\/wp-content\/uploads\/2017\/10\/fermentadora-slow-cooker-brod-taylor-plegada.jpg?resize=300%2C300\" alt=\"\" width=\"300\" height=\"300\" srcset=\"https:\/\/i0.wp.com\/www.kijimunas-kitchen.com\/es\/wp-content\/uploads\/2017\/10\/fermentadora-slow-cooker-brod-taylor-plegada.jpg?resize=300%2C300&amp;ssl=1 300w, https:\/\/i0.wp.com\/www.kijimunas-kitchen.com\/es\/wp-content\/uploads\/2017\/10\/fermentadora-slow-cooker-brod-taylor-plegada.jpg?resize=150%2C150&amp;ssl=1 150w, https:\/\/i0.wp.com\/www.kijimunas-kitchen.com\/es\/wp-content\/uploads\/2017\/10\/fermentadora-slow-cooker-brod-taylor-plegada.jpg?resize=120%2C120&amp;ssl=1 120w, https:\/\/i0.wp.com\/www.kijimunas-kitchen.com\/es\/wp-content\/uploads\/2017\/10\/fermentadora-slow-cooker-brod-taylor-plegada.jpg?w=500&amp;ssl=1 500w\" sizes=\"auto, (max-width: 300px) 100vw, 300px\" \/><\/a><\/h4>\n<p><a href=\"https:\/\/www.conasi.eu\/fermentacion\/1626-fermentadora-slow-cooker-brod-taylor.html?search_query=fermen&amp;afiliado=25062\" target=\"_blank\" rel=\"noopener\">Fermentadora Slow Cooker Br\u00f6d Taylor, plegada casi no ocupa espacio<\/a><\/p>\n<h4><a href=\"https:\/\/www.conasi.eu\/fermentacion\/1626-fermentadora-slow-cooker-brod-taylor.html?search_query=fermen&amp;afiliado=25062\" target=\"_blank\" rel=\"noopener\"><img data-recalc-dims=\"1\" decoding=\"async\" data-attachment-id=\"7565\" data-permalink=\"https:\/\/www.kijimunas-kitchen.com\/es\/tienda\/fermentadora-slow-cooker-brod-taylor-yogur\/\" data-orig-file=\"https:\/\/i0.wp.com\/www.kijimunas-kitchen.com\/es\/wp-content\/uploads\/2017\/10\/fermentadora-slow-cooker-brod-taylor-yogur.jpg?fit=500%2C500&amp;ssl=1\" data-orig-size=\"500,500\" data-comments-opened=\"1\" data-image-meta=\"{&quot;aperture&quot;:&quot;0&quot;,&quot;credit&quot;:&quot;&quot;,&quot;camera&quot;:&quot;&quot;,&quot;caption&quot;:&quot;&quot;,&quot;created_timestamp&quot;:&quot;0&quot;,&quot;copyright&quot;:&quot;&quot;,&quot;focal_length&quot;:&quot;0&quot;,&quot;iso&quot;:&quot;0&quot;,&quot;shutter_speed&quot;:&quot;0&quot;,&quot;title&quot;:&quot;&quot;,&quot;orientation&quot;:&quot;0&quot;}\" data-image-title=\"Fermentadora Slow Cooker Br\u00f6d Taylor\" data-image-description=\"\" data-image-caption=\"&lt;p&gt;Fermentadora Slow Cooker Br\u00f6d Taylor&lt;\/p&gt;\n\" data-medium-file=\"https:\/\/i0.wp.com\/www.kijimunas-kitchen.com\/es\/wp-content\/uploads\/2017\/10\/fermentadora-slow-cooker-brod-taylor-yogur.jpg?fit=300%2C300&amp;ssl=1\" data-large-file=\"https:\/\/i0.wp.com\/www.kijimunas-kitchen.com\/es\/wp-content\/uploads\/2017\/10\/fermentadora-slow-cooker-brod-taylor-yogur.jpg?fit=500%2C500&amp;ssl=1\" loading=\"lazy\" class=\"wp-image-7565 size-medium\" src=\"https:\/\/i0.wp.com\/www.kijimunas-kitchen.com\/es\/wp-content\/uploads\/2017\/10\/fermentadora-slow-cooker-brod-taylor-yogur.jpg?resize=300%2C300\" alt=\"Fermentadora Slow Cooker Br\u00f6d Taylor\" width=\"300\" height=\"300\" srcset=\"https:\/\/i0.wp.com\/www.kijimunas-kitchen.com\/es\/wp-content\/uploads\/2017\/10\/fermentadora-slow-cooker-brod-taylor-yogur.jpg?resize=300%2C300&amp;ssl=1 300w, https:\/\/i0.wp.com\/www.kijimunas-kitchen.com\/es\/wp-content\/uploads\/2017\/10\/fermentadora-slow-cooker-brod-taylor-yogur.jpg?resize=150%2C150&amp;ssl=1 150w, https:\/\/i0.wp.com\/www.kijimunas-kitchen.com\/es\/wp-content\/uploads\/2017\/10\/fermentadora-slow-cooker-brod-taylor-yogur.jpg?resize=120%2C120&amp;ssl=1 120w, https:\/\/i0.wp.com\/www.kijimunas-kitchen.com\/es\/wp-content\/uploads\/2017\/10\/fermentadora-slow-cooker-brod-taylor-yogur.jpg?w=500&amp;ssl=1 500w\" sizes=\"auto, (max-width: 300px) 100vw, 300px\" \/><\/a><\/h4>\n<p><a href=\"https:\/\/www.conasi.eu\/fermentacion\/1626-fermentadora-slow-cooker-brod-taylor.html?search_query=fermen&amp;afiliado=25062\" target=\"_blank\" rel=\"noopener\">Fermentadora Slow Cooker Br\u00f6d Taylor, vista interior<\/a><\/p><\/div>\n<div class='content-column one_half last_column'><p>Aunque la<strong>\u00a0<\/strong><a href=\"https:\/\/www.conasi.eu\/fermentacion\/1626-fermentadora-slow-cooker-brod-taylor.html?search_query=fermen&amp;afiliado=25062\" target=\"_blank\" rel=\"noopener\">Fermentadora &#8211; Slow Cooker\u00a0Brod &amp; Taylor<\/a>\u00a0no es uno de los electrodom\u00e9sticos m\u00e1s comunes en el hogar, si disfrutas fermentando, te aseguro que es un gadget del que te vas a enamorar. Es una especie de caja plegable que puedes almacenar en poco espacio cuando no la uses, y no s\u00f3lo la puedes utilizar para fermentar, sino para cocciones lenta o\u00a0para mantener calientes tus preparaciones, ya que\u00a0mantiene una temperatura constante de entre 21 a 49\u00baC.<\/p>\n<p>Si me sigues, ya sabes que a m\u00ed me encanta fermentar: yogures vegetales, quesos de semillas y frutos secos, verduras, incluso frutas fermentadas forman parte de mi rutina diaria de alimentos saludables. Fermentar, adem\u00e1s, me ayuda much\u00edsimo a la hora de organizar mi despensa; ya que, una vez fermentadas, las verduras pueden guardarse durante meses en un lugar fresco en casa donde no d\u00e9 la luz directa del sol.<\/p>\n<p>Yo incluyo fermentados sobre todo en ayunas \u2014de hecho, es el mejor momento del d\u00eda para tomar probi\u00f3ticos, al tener el est\u00f3mago vac\u00edo, sus \u00e1cidos son menos intensos y conseguimos que lleguen mayor cantidad intactos a nuestros intestinos. Adem\u00e1s, son deliciosos, y le dan un toque diferente a mis platos que, al ser vegetales siempre, acaban por convertir mi dieta en demasiado dulce y me da a\u00f1oranza de algo salado, agrio, \u00e1cido o umami. Pero al incluir una peque\u00f1a cantidad de estos verdaderos s\u00faper alimentos naturales (y que todos podemos preparar en casa) en cada comida el equilibrio es perfecto. Cuidado si decides comprarlos en la tienda, porque la mayor\u00eda de las veces est\u00e1n pasteurizados, m\u00edralo bien en la etiqueta; si son fermentados vivos, constar\u00e1 como alimento &#8220;sin pasteurizar&#8221;.<\/p>\n<p>Los fermentados son imprescindibles si quieres encontrar el equilibiro en tu dieta y potenciar tu salud intestinal, tu segundo cerebro. Un\u00a0<em>must\u00a0<\/em>para la perfecta dieta simbi\u00f3tica: una dieta natural y rica en alimentos prebi\u00f3ticos (fibra) y probi\u00f3ticos (bacterias saludables para nuestra microbiota). Si quieres saber m\u00e1s, e<a href=\"http:\/\/www.kijimunas-kitchen.com\/es\/crema-aterciopelada-calabaza-fermentada\/\" target=\"_blank\" rel=\"noopener\">n esta entrada te explico los diversos beneficios de preparar tus fermentados en casa.<\/a><\/p>\n<p>Si te interesa puedes&#8230;<\/p>\n<h1><a href=\"https:\/\/www.conasi.eu\/fermentacion\/1626-fermentadora-slow-cooker-brod-taylor.html?search_query=fermen&amp;afiliado=25062\" target=\"_blank\" rel=\"noopener\"><span style=\"text-decoration: underline;\"><em><span style=\"color: #ff99cc; text-decoration: underline;\">Comprar aqu\u00ed<\/span><\/em><\/span><\/a><\/h1>\n<p>y\u00a0te puedo ofrecer un <strong>c\u00f3digo de descuento del 5%<\/strong>\u00a0para utilizar al hacer la compra una vez hayas ingresado a tu perfil de usuario. El c\u00f3digo es <strong>CNS-KIJIMUNAS<\/strong>\u00a0y es v\u00e1lido en la compra de cualquier producto de <a href=\"https:\/\/www.conasi.eu\/?afiliado=25062\" target=\"_blank\" rel=\"noopener\">esta web<\/a>.<\/p>\n<p><a href=\"http:\/\/www.kijimunas-kitchen.com\/es\/tienda\">Volver a la tienda<\/a><\/p><\/div><div class='clear_column'><\/div>\n","protected":false},"excerpt":{"rendered":"","protected":false},"author":1,"featured_media":0,"parent":0,"menu_order":109,"comment_status":"closed","ping_status":"closed","template":"","meta":{"nf_dc_page":"","jetpack_post_was_ever_published":false,"footnotes":""},"class_list":["post-7589","page","type-page","status-publish","hentry"],"aioseo_notices":[],"jetpack_sharing_enabled":true,"jetpack_shortlink":"https:\/\/wp.me\/P56CiV-1Yp","jetpack-related-posts":[],"_links":{"self":[{"href":"https:\/\/www.kijimunas-kitchen.com\/es\/wp-json\/wp\/v2\/pages\/7589","targetHints":{"allow":["GET"]}}],"collection":[{"href":"https:\/\/www.kijimunas-kitchen.com\/es\/wp-json\/wp\/v2\/pages"}],"about":[{"href":"https:\/\/www.kijimunas-kitchen.com\/es\/wp-json\/wp\/v2\/types\/page"}],"author":[{"embeddable":true,"href":"https:\/\/www.kijimunas-kitchen.com\/es\/wp-json\/wp\/v2\/users\/1"}],"replies":[{"embeddable":true,"href":"https:\/\/www.kijimunas-kitchen.com\/es\/wp-json\/wp\/v2\/comments?post=7589"}],"version-history":[{"count":5,"href":"https:\/\/www.kijimunas-kitchen.com\/es\/wp-json\/wp\/v2\/pages\/7589\/revisions"}],"predecessor-version":[{"id":7812,"href":"https:\/\/www.kijimunas-kitchen.com\/es\/wp-json\/wp\/v2\/pages\/7589\/revisions\/7812"}],"wp:attachment":[{"href":"https:\/\/www.kijimunas-kitchen.com\/es\/wp-json\/wp\/v2\/media?parent=7589"}],"curies":[{"name":"wp","href":"https:\/\/api.w.org\/{rel}","templated":true}]}}