{"id":7596,"date":"2017-10-17T18:22:09","date_gmt":"2017-10-17T18:22:09","guid":{"rendered":"http:\/\/www.kijimunas-kitchen.com\/es\/?page_id=7596"},"modified":"2017-10-21T23:24:10","modified_gmt":"2017-10-21T23:24:10","slug":"deshidratadores","status":"publish","type":"page","link":"https:\/\/www.kijimunas-kitchen.com\/es\/deshidratadores\/","title":{"rendered":"Deshidratadores"},"content":{"rendered":"<div class='content-column one_half'><p><a href=\"http:\/\/www.kijimunas-kitchen.com\/es\/tienda\/\">Volver a la tienda<\/a><\/p>\n<h4><a href=\"https:\/\/www.conasi.eu\/deshidratadores\/24-deshidratador-dorrex-metal.html?search_query=dorrex&amp;afiliado=25062\" target=\"_blank\" rel=\"noopener\"><img data-recalc-dims=\"1\" decoding=\"async\" data-attachment-id=\"7544\" data-permalink=\"https:\/\/www.kijimunas-kitchen.com\/es\/tienda\/deshidratador-dorrex-inox-2\/\" data-orig-file=\"https:\/\/i0.wp.com\/www.kijimunas-kitchen.com\/es\/wp-content\/uploads\/2017\/10\/deshidratador-dorrex-inox.jpg?fit=500%2C500&amp;ssl=1\" data-orig-size=\"500,500\" data-comments-opened=\"1\" data-image-meta=\"{&quot;aperture&quot;:&quot;0&quot;,&quot;credit&quot;:&quot;&quot;,&quot;camera&quot;:&quot;&quot;,&quot;caption&quot;:&quot;&quot;,&quot;created_timestamp&quot;:&quot;0&quot;,&quot;copyright&quot;:&quot;&quot;,&quot;focal_length&quot;:&quot;0&quot;,&quot;iso&quot;:&quot;0&quot;,&quot;shutter_speed&quot;:&quot;0&quot;,&quot;title&quot;:&quot;&quot;,&quot;orientation&quot;:&quot;0&quot;}\" data-image-title=\"Deshidratador Dorrex Inox\" data-image-description=\"\" data-image-caption=\"\" data-medium-file=\"https:\/\/i0.wp.com\/www.kijimunas-kitchen.com\/es\/wp-content\/uploads\/2017\/10\/deshidratador-dorrex-inox.jpg?fit=300%2C300&amp;ssl=1\" data-large-file=\"https:\/\/i0.wp.com\/www.kijimunas-kitchen.com\/es\/wp-content\/uploads\/2017\/10\/deshidratador-dorrex-inox.jpg?fit=500%2C500&amp;ssl=1\" loading=\"lazy\" class=\"wp-image-7544 size-medium\" src=\"https:\/\/i0.wp.com\/www.kijimunas-kitchen.com\/es\/wp-content\/uploads\/2017\/10\/deshidratador-dorrex-inox.jpg?resize=300%2C300\" alt=\"Deshidratador Dorrex Inox\" width=\"300\" height=\"300\" srcset=\"https:\/\/i0.wp.com\/www.kijimunas-kitchen.com\/es\/wp-content\/uploads\/2017\/10\/deshidratador-dorrex-inox.jpg?resize=300%2C300&amp;ssl=1 300w, https:\/\/i0.wp.com\/www.kijimunas-kitchen.com\/es\/wp-content\/uploads\/2017\/10\/deshidratador-dorrex-inox.jpg?resize=150%2C150&amp;ssl=1 150w, https:\/\/i0.wp.com\/www.kijimunas-kitchen.com\/es\/wp-content\/uploads\/2017\/10\/deshidratador-dorrex-inox.jpg?resize=120%2C120&amp;ssl=1 120w, https:\/\/i0.wp.com\/www.kijimunas-kitchen.com\/es\/wp-content\/uploads\/2017\/10\/deshidratador-dorrex-inox.jpg?w=500&amp;ssl=1 500w\" sizes=\"auto, (max-width: 300px) 100vw, 300px\" \/><\/a><\/h4>\n<p><a href=\"https:\/\/www.conasi.eu\/deshidratadores\/24-deshidratador-dorrex-metal.html?search_query=dorrex&amp;afiliado=25062\" target=\"_blank\" rel=\"noopener\">Deshidratador Dorrex<\/a><\/p>\n<h4><a href=\"https:\/\/www.conasi.eu\/deshidratadores\/1033-deshidratador-sedona-express-metal.html?search_query=sedona&amp;results=11&amp;afiliado=25062\" target=\"_blank\" rel=\"noopener\"><img data-recalc-dims=\"1\" decoding=\"async\" data-attachment-id=\"7546\" data-permalink=\"https:\/\/www.kijimunas-kitchen.com\/es\/tienda\/deshidratador-sedona-express-inox\/\" data-orig-file=\"https:\/\/i0.wp.com\/www.kijimunas-kitchen.com\/es\/wp-content\/uploads\/2017\/10\/deshidratador-sedona-express-inox.jpg?fit=500%2C500&amp;ssl=1\" data-orig-size=\"500,500\" data-comments-opened=\"1\" data-image-meta=\"{&quot;aperture&quot;:&quot;0&quot;,&quot;credit&quot;:&quot;&quot;,&quot;camera&quot;:&quot;&quot;,&quot;caption&quot;:&quot;&quot;,&quot;created_timestamp&quot;:&quot;0&quot;,&quot;copyright&quot;:&quot;&quot;,&quot;focal_length&quot;:&quot;0&quot;,&quot;iso&quot;:&quot;0&quot;,&quot;shutter_speed&quot;:&quot;0&quot;,&quot;title&quot;:&quot;&quot;,&quot;orientation&quot;:&quot;0&quot;}\" data-image-title=\"Deshidratador Sedona Express\" data-image-description=\"\" data-image-caption=\"&lt;p&gt;Deshidratador Sedona Express&lt;\/p&gt;\n\" data-medium-file=\"https:\/\/i0.wp.com\/www.kijimunas-kitchen.com\/es\/wp-content\/uploads\/2017\/10\/deshidratador-sedona-express-inox.jpg?fit=300%2C300&amp;ssl=1\" data-large-file=\"https:\/\/i0.wp.com\/www.kijimunas-kitchen.com\/es\/wp-content\/uploads\/2017\/10\/deshidratador-sedona-express-inox.jpg?fit=500%2C500&amp;ssl=1\" loading=\"lazy\" class=\"wp-image-7546 size-medium\" src=\"https:\/\/i0.wp.com\/www.kijimunas-kitchen.com\/es\/wp-content\/uploads\/2017\/10\/deshidratador-sedona-express-inox.jpg?resize=300%2C300\" alt=\"\" width=\"300\" height=\"300\" srcset=\"https:\/\/i0.wp.com\/www.kijimunas-kitchen.com\/es\/wp-content\/uploads\/2017\/10\/deshidratador-sedona-express-inox.jpg?resize=300%2C300&amp;ssl=1 300w, https:\/\/i0.wp.com\/www.kijimunas-kitchen.com\/es\/wp-content\/uploads\/2017\/10\/deshidratador-sedona-express-inox.jpg?resize=150%2C150&amp;ssl=1 150w, https:\/\/i0.wp.com\/www.kijimunas-kitchen.com\/es\/wp-content\/uploads\/2017\/10\/deshidratador-sedona-express-inox.jpg?resize=120%2C120&amp;ssl=1 120w, https:\/\/i0.wp.com\/www.kijimunas-kitchen.com\/es\/wp-content\/uploads\/2017\/10\/deshidratador-sedona-express-inox.jpg?w=500&amp;ssl=1 500w\" sizes=\"auto, (max-width: 300px) 100vw, 300px\" \/><\/a><\/h4>\n<p><a href=\"https:\/\/www.conasi.eu\/deshidratadores\/24-deshidratador-dorrex-metal.html?search_query=dorrex&amp;afiliado=25062\" target=\"_blank\" rel=\"noopener\">Deshidratador Sedona Express<\/a><\/p>\n<h4><a href=\"https:\/\/www.conasi.eu\/deshidratadores\/27-deshidratador-excalibur-9-bandejas-sin-temporizador.html?search_query=excalibur&amp;afiliado=25062\" target=\"_blank\" rel=\"noopener\"><img data-recalc-dims=\"1\" decoding=\"async\" data-attachment-id=\"7545\" data-permalink=\"https:\/\/www.kijimunas-kitchen.com\/es\/tienda\/deshidratador-excalibur-9-bandejas-sin-temporizador\/\" data-orig-file=\"https:\/\/i0.wp.com\/www.kijimunas-kitchen.com\/es\/wp-content\/uploads\/2017\/10\/deshidratador-excalibur-9-bandejas-sin-temporizador.jpg?fit=500%2C500&amp;ssl=1\" data-orig-size=\"500,500\" data-comments-opened=\"1\" data-image-meta=\"{&quot;aperture&quot;:&quot;0&quot;,&quot;credit&quot;:&quot;&quot;,&quot;camera&quot;:&quot;&quot;,&quot;caption&quot;:&quot;&quot;,&quot;created_timestamp&quot;:&quot;0&quot;,&quot;copyright&quot;:&quot;&quot;,&quot;focal_length&quot;:&quot;0&quot;,&quot;iso&quot;:&quot;0&quot;,&quot;shutter_speed&quot;:&quot;0&quot;,&quot;title&quot;:&quot;&quot;,&quot;orientation&quot;:&quot;0&quot;}\" data-image-title=\"Deshidratador Excalibur 9 bandejas\" data-image-description=\"\" data-image-caption=\"&lt;p&gt;Deshidratador Excalibur 9 bandejas&lt;\/p&gt;\n\" data-medium-file=\"https:\/\/i0.wp.com\/www.kijimunas-kitchen.com\/es\/wp-content\/uploads\/2017\/10\/deshidratador-excalibur-9-bandejas-sin-temporizador.jpg?fit=300%2C300&amp;ssl=1\" data-large-file=\"https:\/\/i0.wp.com\/www.kijimunas-kitchen.com\/es\/wp-content\/uploads\/2017\/10\/deshidratador-excalibur-9-bandejas-sin-temporizador.jpg?fit=500%2C500&amp;ssl=1\" loading=\"lazy\" class=\"wp-image-7545 size-medium\" src=\"https:\/\/i0.wp.com\/www.kijimunas-kitchen.com\/es\/wp-content\/uploads\/2017\/10\/deshidratador-excalibur-9-bandejas-sin-temporizador.jpg?resize=300%2C300\" alt=\"\" width=\"300\" height=\"300\" srcset=\"https:\/\/i0.wp.com\/www.kijimunas-kitchen.com\/es\/wp-content\/uploads\/2017\/10\/deshidratador-excalibur-9-bandejas-sin-temporizador.jpg?resize=300%2C300&amp;ssl=1 300w, https:\/\/i0.wp.com\/www.kijimunas-kitchen.com\/es\/wp-content\/uploads\/2017\/10\/deshidratador-excalibur-9-bandejas-sin-temporizador.jpg?resize=150%2C150&amp;ssl=1 150w, https:\/\/i0.wp.com\/www.kijimunas-kitchen.com\/es\/wp-content\/uploads\/2017\/10\/deshidratador-excalibur-9-bandejas-sin-temporizador.jpg?resize=120%2C120&amp;ssl=1 120w, https:\/\/i0.wp.com\/www.kijimunas-kitchen.com\/es\/wp-content\/uploads\/2017\/10\/deshidratador-excalibur-9-bandejas-sin-temporizador.jpg?w=500&amp;ssl=1 500w\" sizes=\"auto, (max-width: 300px) 100vw, 300px\" \/><\/a><\/h4>\n<p><a href=\"https:\/\/www.conasi.eu\/deshidratadores\/27-deshidratador-excalibur-9-bandejas-sin-temporizador.html?search_query=excalibur&amp;afiliado=25062\" target=\"_blank\" rel=\"noopener\">Deshidratador Excalibur 9 bandejas<\/a><\/p><\/div>\n<div class='content-column one_half last_column'><p>Si eres de los que echa de menos algunos preparados menos saludables del pasado como \u00a0frituras, horneados, etc. un deshidratador te puede ayudar a elaborar esas elaboraciones m\u00e1s emocionales. No es un electrodom\u00e9stico imprescindible, pero si eres cocinitas, seguro que te va a enamorar.<\/p>\n<p>Hay <a href=\"https:\/\/www.conasi.eu\/buscar?controller=search&amp;orderby=price&amp;orderway=desc&amp;search_query=deshidratador&amp;afiliado=25062\" target=\"_blank\" rel=\"noopener\">muchos deshidratadores de diversa gama<\/a> en el mercado, y todos intentan imitar la acci\u00f3n del sol y la brisa sobre los alimentos, de manera que puedes &#8220;secar&#8221; alimentos y elaboraciones para conseguir efectos parecidos (pero a baja temperatura) a lo que conseguir\u00edas con algunos m\u00e9todos de cocci\u00f3n menos respetuosos con los nutrientes: horneado, pochado, salteado e incluso fritos. S\u00f3lo necesitas las recetas adecuadas, y para eso ya me tienes a m\u00ed, \u00bfverdad? Encontrar\u00e1s recetas tanto en mi blog como en mi libro <strong><a href=\"https:\/\/www.amazon.es\/gp\/product\/8479539232\/ref=as_li_qf_sp_asin_il_tl?ie=UTF8&amp;camp=3626&amp;creative=24790&amp;creativeASIN=8479539232&amp;linkCode=as2&amp;tag=kijiskitc-21\" target=\"_blank\" rel=\"noopener\">Raw Food Anti-aging<\/a><\/strong>.<\/p>\n<p>La idea de deshidratar es poder controlar la temperatura para preservar al m\u00e1ximo los nutrientes, fitonutrientes y encimas de nuestros alimentos. Las elaboraciones con deshidratados suelen ser largas, pueden oscilar de entre 2 horas a 48 horas o m\u00e1s. Pero no te espantes, son electrodom\u00e9sticos que consumen muy poca energ\u00eda y los puedes dejar funcionando de manera aut\u00f3noma mientras t\u00fa haces otras cosas; piensa que son una especie de secador\u2013ventilador, no necesitan de mucha energ\u00eda, y, definitivamente mucha menos que un horno convencional. En este caso, slow y low van de la mano para ofrecerte estas posibilidades m\u00e1s emocionales pero m\u00e1s honestas y respetuosas.<\/p>\n<p>De toda la oferta del mercado, a m\u00ed el m\u00e1s sencillo ya me parece bien, pero hay preparados que seguro necesitan unos m\u00ednimos. Y este deshidratador <a href=\"https:\/\/www.conasi.eu\/deshidratadores\/24-deshidratador-dorrex-metal.html?search_query=dorrex&amp;afiliado=25062\" target=\"_blank\" rel=\"noopener\">Dorrex<\/a> cubre estos m\u00ednimos. Lo tienes en versi\u00f3n <a href=\"https:\/\/www.conasi.eu\/deshidratadores\/24-deshidratador-dorrex-metal.html?search_query=dorrex&amp;afiliado=25062\" target=\"_blank\" rel=\"noopener\">con bandejas de acero inoxidable<\/a> o <a href=\"https:\/\/www.conasi.eu\/deshidratadores\/25-deshidratador-dorrex-pp.html?search_query=dorrex&amp;afiliado=25062\" target=\"_blank\" rel=\"noopener\">de PP \u2014un pl\u00e1stico considerado ecol\u00f3gico\u2014 libre de BPA<\/a>.\u00a0El deshidratador <a href=\"https:\/\/www.conasi.eu\/deshidratadores\/24-deshidratador-dorrex-metal.html?search_query=dorrex&amp;afiliado=25062\" target=\"_blank\" rel=\"noopener\">Dorrex<\/a> tiene como ventaja que ocupa menos espacio que los deshidratadores con puerta como <a href=\"https:\/\/www.conasi.eu\/deshidratadores\/1033-deshidratador-sedona-express-metal.html?search_query=sedona&amp;results=11&amp;afiliado=25062\" target=\"_blank\" rel=\"noopener\">Sedona<\/a> o <a href=\"https:\/\/www.conasi.eu\/deshidratadores\/27-deshidratador-excalibur-9-bandejas-sin-temporizador.html?search_query=excalibur&amp;afiliado=25062\" target=\"_blank\" rel=\"noopener\">Excalibur<\/a>. Con el <a href=\"https:\/\/www.conasi.eu\/deshidratadores\/24-deshidratador-dorrex-metal.html?search_query=dorrex&amp;afiliado=25062\" target=\"_blank\" rel=\"noopener\">Dorrex<\/a> puedes ampliar la cantidad de bandejas hasta diez, de f\u00e1brica viene con tres bandejas y el resto lo puedes comprar aparte. As\u00ed que si no est\u00e1s seguro, siempre puedes comprar la &#8220;versi\u00f3n reducida&#8221; y luego ampliar.<\/p>\n<p>No deshidrata de manera tan homog\u00e9nea como los deshidratados <a href=\"https:\/\/www.conasi.eu\/deshidratadores\/1033-deshidratador-sedona-express-metal.html?search_query=sedona&amp;results=11&amp;afiliado=25062\" target=\"_blank\" rel=\"noopener\">Sedona<\/a> o <a href=\"https:\/\/www.conasi.eu\/deshidratadores\/27-deshidratador-excalibur-9-bandejas-sin-temporizador.html?search_query=excalibur&amp;afiliado=25062\" target=\"_blank\" rel=\"noopener\">Excalibur<\/a> \u2014este \u00faltimo es el que mayor homogeneidad de deshidratado consigue\u2014, sobre todo en la primera bandeja m\u00e1s cerca de la salida del aire, pero sigue siendo muy completo, con su temporizador y termostato y tiene una caracter\u00edstica de la que carecen los <a href=\"https:\/\/www.conasi.eu\/deshidratadores\/1033-deshidratador-sedona-express-metal.html?search_query=sedona&amp;results=11&amp;afiliado=25062\" target=\"_blank\" rel=\"noopener\">Sedona<\/a> y <a href=\"https:\/\/www.conasi.eu\/deshidratadores\/27-deshidratador-excalibur-9-bandejas-sin-temporizador.html?search_query=excalibur&amp;afiliado=25062\" target=\"_blank\" rel=\"noopener\">Excalibur<\/a>: <a href=\"https:\/\/www.conasi.eu\/deshidratadores\/24-deshidratador-dorrex-metal.html?search_query=dorrex&amp;afiliado=25062\" target=\"_blank\" rel=\"noopener\">Dorrex<\/a> te permite poner el termostato a 0, es decir, puede utilizar s\u00f3lo aire sin calor.<\/p>\n<p>Sus bandejas son suficientemente altas como para que puedas preparar elaboraciones un poquito m\u00e1s altas \u2014panes, pasteles, bollitos, troceados m\u00e1s gruesos&#8230; Encontrar\u00e1s recetas \u00a0de ete tipo en mi libro Raw Food Anti-aging y en este blog. Esta altura en un deshidratador sencillo es un <em>must<\/em>, porque sus bandejas, como ves en la foto, no son regulables al contrario que las bandejas extra\u00edbles de los <a href=\"https:\/\/www.conasi.eu\/deshidratadores\/1033-deshidratador-sedona-express-metal.html?search_query=sedona&amp;results=11&amp;afiliado=25062\" target=\"_blank\" rel=\"noopener\">Sedona<\/a> y <a href=\"https:\/\/www.conasi.eu\/deshidratadores\/27-deshidratador-excalibur-9-bandejas-sin-temporizador.html?search_query=excalibur&amp;afiliado=25062\" target=\"_blank\" rel=\"noopener\">Excalibur<\/a>.<\/p>\n<p>Si te interesa puedes&#8230;<\/p>\n<h1><a href=\"https:\/\/www.conasi.eu\/deshidratadores\/24-deshidratador-dorrex-metal.html?search_query=dorrex&amp;afiliado=25062\" target=\"_blank\" rel=\"noopener\"><span style=\"text-decoration: underline;\"><em><span style=\"color: #ff99cc; text-decoration: underline;\">Comprar aqu\u00ed Dorrex<\/span><\/em><\/span><\/a><\/h1>\n<h1><a href=\"https:\/\/www.conasi.eu\/deshidratadores\/1033-deshidratador-sedona-express-metal.html?search_query=sedona&amp;results=11&amp;afiliado=25062\" target=\"_blank\" rel=\"noopener\"><span style=\"text-decoration: underline; color: #ff99cc;\"><em>Comprar aqu\u00ed Sedona<\/em><\/span><\/a><\/h1>\n<h1><a href=\"https:\/\/www.conasi.eu\/deshidratadores\/27-deshidratador-excalibur-9-bandejas-sin-temporizador.html?search_query=excalibur&amp;afiliado=25062\" target=\"_blank\" rel=\"noopener\"><span style=\"text-decoration: underline; color: #ff99cc;\"><em>Comprar aqu\u00ed Excalibur<\/em><\/span><\/a><\/h1>\n<p>y\u00a0te puedo ofrecer un <strong>c\u00f3digo de descuento<\/strong>, para utilizar al hacer la compra una vez hayas ingresado a tu perfil de usuario. El c\u00f3digo es <strong>CNS-KIJIMUNAS<\/strong>\u00a0y es v\u00e1lido en la compra de cualquier producto de <a href=\"https:\/\/www.conasi.eu\/?afiliado=25062\" target=\"_blank\" rel=\"noopener\">esta web<\/a>.<\/p>\n<p><a href=\"http:\/\/www.kijimunas-kitchen.com\/es\/tienda\/\">Volver a la tienda<\/a><\/p><\/div><div class='clear_column'><\/div>\n","protected":false},"excerpt":{"rendered":"","protected":false},"author":1,"featured_media":0,"parent":0,"menu_order":107,"comment_status":"closed","ping_status":"closed","template":"","meta":{"nf_dc_page":"","jetpack_post_was_ever_published":false,"footnotes":""},"class_list":["post-7596","page","type-page","status-publish","hentry"],"aioseo_notices":[],"jetpack_sharing_enabled":true,"jetpack_shortlink":"https:\/\/wp.me\/P56CiV-1Yw","jetpack-related-posts":[],"_links":{"self":[{"href":"https:\/\/www.kijimunas-kitchen.com\/es\/wp-json\/wp\/v2\/pages\/7596","targetHints":{"allow":["GET"]}}],"collection":[{"href":"https:\/\/www.kijimunas-kitchen.com\/es\/wp-json\/wp\/v2\/pages"}],"about":[{"href":"https:\/\/www.kijimunas-kitchen.com\/es\/wp-json\/wp\/v2\/types\/page"}],"author":[{"embeddable":true,"href":"https:\/\/www.kijimunas-kitchen.com\/es\/wp-json\/wp\/v2\/users\/1"}],"replies":[{"embeddable":true,"href":"https:\/\/www.kijimunas-kitchen.com\/es\/wp-json\/wp\/v2\/comments?post=7596"}],"version-history":[{"count":5,"href":"https:\/\/www.kijimunas-kitchen.com\/es\/wp-json\/wp\/v2\/pages\/7596\/revisions"}],"predecessor-version":[{"id":7747,"href":"https:\/\/www.kijimunas-kitchen.com\/es\/wp-json\/wp\/v2\/pages\/7596\/revisions\/7747"}],"wp:attachment":[{"href":"https:\/\/www.kijimunas-kitchen.com\/es\/wp-json\/wp\/v2\/media?parent=7596"}],"curies":[{"name":"wp","href":"https:\/\/api.w.org\/{rel}","templated":true}]}}