{"id":7602,"date":"2017-10-12T23:31:25","date_gmt":"2017-10-12T23:31:25","guid":{"rendered":"http:\/\/www.kijimunas-kitchen.com\/es\/?page_id=7602"},"modified":"2017-10-25T08:01:57","modified_gmt":"2017-10-25T08:01:57","slug":"exprimidor-manual-citricos","status":"publish","type":"page","link":"https:\/\/www.kijimunas-kitchen.com\/es\/exprimidor-manual-citricos\/","title":{"rendered":"Exprimidor manual de c\u00edtricos"},"content":{"rendered":"<div class='content-column one_half'><p><a href=\"http:\/\/www.kijimunas-kitchen.com\/es\/tienda\/\">Volver a la tienda<\/a><\/p>\n<h4><a href=\"https:\/\/www.conasi.eu\/utensilios-de-madera\/531-exprimidor-manual-de-citricos.html?search_query=exprimidor+de&amp;afiliado=25062&amp;afiliado=25062\" target=\"_blank\" rel=\"noopener\"><img data-recalc-dims=\"1\" decoding=\"async\" data-attachment-id=\"7548\" data-permalink=\"https:\/\/www.kijimunas-kitchen.com\/es\/tienda\/exprimidor-manual-de-citricos\/\" data-orig-file=\"https:\/\/i0.wp.com\/www.kijimunas-kitchen.com\/es\/wp-content\/uploads\/2017\/10\/exprimidor-manual-de-citricos.jpg?fit=500%2C500&amp;ssl=1\" data-orig-size=\"500,500\" data-comments-opened=\"1\" data-image-meta=\"{&quot;aperture&quot;:&quot;0&quot;,&quot;credit&quot;:&quot;&quot;,&quot;camera&quot;:&quot;&quot;,&quot;caption&quot;:&quot;&quot;,&quot;created_timestamp&quot;:&quot;0&quot;,&quot;copyright&quot;:&quot;&quot;,&quot;focal_length&quot;:&quot;0&quot;,&quot;iso&quot;:&quot;0&quot;,&quot;shutter_speed&quot;:&quot;0&quot;,&quot;title&quot;:&quot;&quot;,&quot;orientation&quot;:&quot;0&quot;}\" data-image-title=\"Exprimidor manual de c\u00edtricos\" data-image-description=\"\" data-image-caption=\"\" data-medium-file=\"https:\/\/i0.wp.com\/www.kijimunas-kitchen.com\/es\/wp-content\/uploads\/2017\/10\/exprimidor-manual-de-citricos.jpg?fit=300%2C300&amp;ssl=1\" data-large-file=\"https:\/\/i0.wp.com\/www.kijimunas-kitchen.com\/es\/wp-content\/uploads\/2017\/10\/exprimidor-manual-de-citricos.jpg?fit=500%2C500&amp;ssl=1\" loading=\"lazy\" class=\"alignnone wp-image-7548 size-medium\" src=\"https:\/\/i0.wp.com\/www.kijimunas-kitchen.com\/es\/wp-content\/uploads\/2017\/10\/exprimidor-manual-de-citricos.jpg?resize=300%2C300\" alt=\"Exprimidor manual de c\u00edtricos\" width=\"300\" height=\"300\" srcset=\"https:\/\/i0.wp.com\/www.kijimunas-kitchen.com\/es\/wp-content\/uploads\/2017\/10\/exprimidor-manual-de-citricos.jpg?resize=300%2C300&amp;ssl=1 300w, https:\/\/i0.wp.com\/www.kijimunas-kitchen.com\/es\/wp-content\/uploads\/2017\/10\/exprimidor-manual-de-citricos.jpg?resize=150%2C150&amp;ssl=1 150w, https:\/\/i0.wp.com\/www.kijimunas-kitchen.com\/es\/wp-content\/uploads\/2017\/10\/exprimidor-manual-de-citricos.jpg?resize=120%2C120&amp;ssl=1 120w, https:\/\/i0.wp.com\/www.kijimunas-kitchen.com\/es\/wp-content\/uploads\/2017\/10\/exprimidor-manual-de-citricos.jpg?w=500&amp;ssl=1 500w\" sizes=\"auto, (max-width: 300px) 100vw, 300px\" \/><\/a><\/h4>\n<p><a href=\"https:\/\/www.conasi.eu\/utensilios-de-madera\/531-exprimidor-manual-de-citricos.html?search_query=exprimidor+de&amp;afiliado=25062&amp;afiliado=25062\" target=\"_blank\" rel=\"noopener\">Exprimidor manual de c\u00edtricos de madera ecol\u00f3gica<\/a><\/p><\/div>\n<div class='content-column one_half last_column'><p>Si hay algo que me gusta en la cocina es utilizar madera y fibra natural siempre que puedo: cubiertos, tablas, exprimidores, cepillos de verduras, bolsas para leches vegetales y estame\u00f1as. Me encanta el contacto con lo natural y lo sencillo, y pienso que en una cocina contempor\u00e1nea bien equipada \u2014con sus sofisticados electrodom\u00e9sticos\u2014 aportan ese toque natural, sencillo, humilde y aut\u00e9ntico que s\u00f3lo las cosas sencillas y naturales pueden ofrecer.<\/p>\n<p>En mi cocina hace ya m\u00e1s de una d\u00e9cada que utilizo el mismo exprimidor de c\u00edtricos por las ma\u00f1anas para preparar el zumo de lim\u00f3n con agua, o para preparar los ali\u00f1os para las ensaladas con lim\u00f3n, lima, naranja, mandarina o pomelo. La verdad es que lo compr\u00e9 en un viaje a Chile, en el Mercado Central de Santiago, cuando en Espa\u00f1a no se hab\u00edan visto a\u00fan; y desde entonces lo utilizo cada d\u00eda y sigue impecable, con esa p\u00e1tina tan especial del uso que lo ha convertido en un utensilio, aparte de \u00fatil, entra\u00f1able.<\/p>\n<p>Ahora\u00a0es fant\u00e1stico que lo podamos encontrar en otros\u00a0sitios,\u00a0y m\u00e1s a\u00fan si es como \u00e9ste de aqu\u00ed, de madera ecol\u00f3gica, sin tratamiento \u2014para que no haya interacci\u00f3n de los \u00e1cidos de la fruta\u2014 y proveniente de bosques de cultivo sostenible. Todos los peque\u00f1os detalles cuentan.<\/p>\n<p>Si te interesa puedes&#8230;<\/p>\n<h1><a href=\"https:\/\/www.conasi.eu\/utensilios-de-madera\/531-exprimidor-manual-de-citricos.html?search_query=exprimidor+de&amp;afiliado=25062&amp;afiliado=25062&amp;afiliado=25062\" target=\"_blank\" rel=\"noopener\"><span style=\"text-decoration: underline;\"><em><span style=\"color: #ff99cc; text-decoration: underline;\">Comprar aqu\u00ed<\/span><\/em><\/span><\/a><\/h1>\n<p>y\u00a0te puedo ofrecer un <strong>c\u00f3digo de descuento del 5%<\/strong>\u00a0para utilizar al hacer la compra una vez hayas ingresado a tu perfil de usuario. El c\u00f3digo es <strong>CNS-KIJIMUNAS<\/strong>\u00a0y es v\u00e1lido en la compra de cualquier producto de <a href=\"https:\/\/www.conasi.eu\/?afiliado=25062\" target=\"_blank\" rel=\"noopener\">esta web<\/a>.<\/p>\n<p><a href=\"http:\/\/www.kijimunas-kitchen.com\/es\/tienda\/\">Volver a la tienda<\/a><\/p><\/div><div class='clear_column'><\/div>\n","protected":false},"excerpt":{"rendered":"","protected":false},"author":1,"featured_media":0,"parent":0,"menu_order":104,"comment_status":"closed","ping_status":"closed","template":"","meta":{"nf_dc_page":"","jetpack_post_was_ever_published":false,"footnotes":""},"class_list":["post-7602","page","type-page","status-publish","hentry"],"aioseo_notices":[],"jetpack_sharing_enabled":true,"jetpack_shortlink":"https:\/\/wp.me\/P56CiV-1YC","jetpack-related-posts":[],"_links":{"self":[{"href":"https:\/\/www.kijimunas-kitchen.com\/es\/wp-json\/wp\/v2\/pages\/7602","targetHints":{"allow":["GET"]}}],"collection":[{"href":"https:\/\/www.kijimunas-kitchen.com\/es\/wp-json\/wp\/v2\/pages"}],"about":[{"href":"https:\/\/www.kijimunas-kitchen.com\/es\/wp-json\/wp\/v2\/types\/page"}],"author":[{"embeddable":true,"href":"https:\/\/www.kijimunas-kitchen.com\/es\/wp-json\/wp\/v2\/users\/1"}],"replies":[{"embeddable":true,"href":"https:\/\/www.kijimunas-kitchen.com\/es\/wp-json\/wp\/v2\/comments?post=7602"}],"version-history":[{"count":5,"href":"https:\/\/www.kijimunas-kitchen.com\/es\/wp-json\/wp\/v2\/pages\/7602\/revisions"}],"predecessor-version":[{"id":7816,"href":"https:\/\/www.kijimunas-kitchen.com\/es\/wp-json\/wp\/v2\/pages\/7602\/revisions\/7816"}],"wp:attachment":[{"href":"https:\/\/www.kijimunas-kitchen.com\/es\/wp-json\/wp\/v2\/media?parent=7602"}],"curies":[{"name":"wp","href":"https:\/\/api.w.org\/{rel}","templated":true}]}}