{"id":7724,"date":"2017-10-17T16:14:55","date_gmt":"2017-10-17T16:14:55","guid":{"rendered":"http:\/\/www.kijimunas-kitchen.com\/es\/?page_id=7724"},"modified":"2017-10-21T23:24:04","modified_gmt":"2017-10-21T23:24:04","slug":"papel-hornear-libre-blanquear","status":"publish","type":"page","link":"https:\/\/www.kijimunas-kitchen.com\/es\/papel-hornear-libre-blanquear\/","title":{"rendered":"Papel de hornear sin blanquear"},"content":{"rendered":"<div class='content-column one_half'><p><a href=\"http:\/\/www.kijimunas-kitchen.com\/es\/tienda\">Volver a la tienda<\/a><\/p>\n<h4><a href=\"https:\/\/www.conasi.eu\/papel-para-hornear-y-conservar\/882-papel-de-horno-hojas.html?afiliado=25062\" target=\"_blank\" rel=\"noopener\"><img data-recalc-dims=\"1\" decoding=\"async\" data-attachment-id=\"7556\" data-permalink=\"https:\/\/www.kijimunas-kitchen.com\/es\/tienda\/papel-de-horno-hojas\/\" data-orig-file=\"https:\/\/i0.wp.com\/www.kijimunas-kitchen.com\/es\/wp-content\/uploads\/2017\/10\/papel-de-horno-hojas.jpg?fit=500%2C500&amp;ssl=1\" data-orig-size=\"500,500\" data-comments-opened=\"1\" data-image-meta=\"{&quot;aperture&quot;:&quot;0&quot;,&quot;credit&quot;:&quot;&quot;,&quot;camera&quot;:&quot;&quot;,&quot;caption&quot;:&quot;&quot;,&quot;created_timestamp&quot;:&quot;0&quot;,&quot;copyright&quot;:&quot;&quot;,&quot;focal_length&quot;:&quot;0&quot;,&quot;iso&quot;:&quot;0&quot;,&quot;shutter_speed&quot;:&quot;0&quot;,&quot;title&quot;:&quot;&quot;,&quot;orientation&quot;:&quot;0&quot;}\" data-image-title=\"Papel de horno hojas\" data-image-description=\"\" data-image-caption=\"\" data-medium-file=\"https:\/\/i0.wp.com\/www.kijimunas-kitchen.com\/es\/wp-content\/uploads\/2017\/10\/papel-de-horno-hojas.jpg?fit=300%2C300&amp;ssl=1\" data-large-file=\"https:\/\/i0.wp.com\/www.kijimunas-kitchen.com\/es\/wp-content\/uploads\/2017\/10\/papel-de-horno-hojas.jpg?fit=500%2C500&amp;ssl=1\" loading=\"lazy\" class=\"alignnone wp-image-7556 size-medium\" src=\"https:\/\/i0.wp.com\/www.kijimunas-kitchen.com\/es\/wp-content\/uploads\/2017\/10\/papel-de-horno-hojas.jpg?resize=300%2C300\" alt=\"\" width=\"300\" height=\"300\" srcset=\"https:\/\/i0.wp.com\/www.kijimunas-kitchen.com\/es\/wp-content\/uploads\/2017\/10\/papel-de-horno-hojas.jpg?resize=300%2C300&amp;ssl=1 300w, https:\/\/i0.wp.com\/www.kijimunas-kitchen.com\/es\/wp-content\/uploads\/2017\/10\/papel-de-horno-hojas.jpg?resize=150%2C150&amp;ssl=1 150w, https:\/\/i0.wp.com\/www.kijimunas-kitchen.com\/es\/wp-content\/uploads\/2017\/10\/papel-de-horno-hojas.jpg?resize=120%2C120&amp;ssl=1 120w, https:\/\/i0.wp.com\/www.kijimunas-kitchen.com\/es\/wp-content\/uploads\/2017\/10\/papel-de-horno-hojas.jpg?w=500&amp;ssl=1 500w\" sizes=\"auto, (max-width: 300px) 100vw, 300px\" \/><\/a><\/h4>\n<p><a href=\"https:\/\/www.conasi.eu\/papel-para-hornear-y-conservar\/882-papel-de-horno-hojas.html?afiliado=25062\" target=\"_blank\" rel=\"noopener\">Papel de hornear sin blanquear<\/a><\/p><\/div>\n<div class='content-column one_half last_column'><p>Los gestos sencillos y humildes son los que nos permite de manera m\u00e1s eficaz y con la m\u00ednima molestia caminar hacia un d\u00eda a d\u00eda mejor, por eso mi proyecto &#8220;Kijimuna&#8217;s Kitchen&#8221; tiene como lema &#8220;Recetas sencillas con alimentos vivos&#8221;. Lo que realmente cuesta, es hacer el gran cambio, cambiar el chip, as\u00ed que mejor que si llenamos el d\u00eda a d\u00eda de cambios min\u00fasculos con los que sumar una gran diferencia.<\/p>\n<p>Y de eso se trata este producto tan sencillo como este papel de hornear. En la cocina es muy com\u00fan utilizar papel con muchos fines: para el horno, para guardar alimentos, para envolver alg\u00fan preparado que te quieras llevar al trabajo, para forrar moldes, para el deshidratador, para envolver las tabletas de chocolate que hayas preparado en casa&#8230; \u00a1Oh, yes! Mi utilidad favorita, \u00a1ja!<\/p>\n<p>Y ni te imaginas lo que puede aportar el peque\u00f1o gesto de cambiar a este papel y dejar, por ejemplo, el contaminante aluminio, o el papel blanqueado tambi\u00e9n de hornear y que \u2014en el fondo, afortunadamente\u2014 se encuentra ya de manera habitual en el supermercado para substituir al de aluminio.<\/p>\n<p><a href=\"https:\/\/www.conasi.eu\/papel-para-hornear-y-conservar\/882-papel-de-horno-hojas.html?afiliado=25062\" target=\"_blank\" rel=\"noopener\">Este papel <\/a>es muy especial, ya que no se ha testado en animales ni se utiliza ning\u00fan producto de origen animal (algunos papeles utilizan ceras de abeja), se ha minimizado el uso de qu\u00edmicos contaminantes en su fabricaci\u00f3n, no contiene cloros \u2014sin duda, los t\u00f3xicos que no vemos a primera vista son los peores\u2014, la caja que lo contiene es de cart\u00f3n reciclado y adem\u00e1s es certificado\u00a0FSC, Forest Stewardship Council, una organizaci\u00f3n internacional sin \u00e1nimos de lucro que promueve la gesti\u00f3n responsable de los bosques del mundo. Este sistema de certificaci\u00f3n riguroso nos garantiza el buen uso de los bosques y los productos que las compa\u00f1\u00edas fabrican a partir de su explotaci\u00f3n (madera, papel, etc.). Cada a\u00f1o m\u00e1s de 30 millones de hect\u00e1reas de bosques naturales son destruidas por la tala y deforestaci\u00f3n ilegal para el lucro o la agricultura. As\u00ed que cada vez que compres \u00a0productos certificados FSC, est\u00e1s aportando tu granito de arena para cuidar de nuestros bosques, los bosques del planeta al que tanto dolor estamos inflingiendo. Yo lo tengo claro, si tengo que utilizar alg\u00fan producto de este tipo puntulamente, quiero contribuir con el mejor gesto. \u00bfTe apuntas conmigo?<\/p>\n<p>Tienes <a href=\"https:\/\/www.conasi.eu\/272-papel-para-hornear-y-conservar?afiliado=25062\" target=\"_blank\" rel=\"noopener\">varias versiones de este papel<\/a>\u00a0seg\u00fan el uso que les quieras dar. Mi favorita es la de hojas cortadas, nunca las he necesitado m\u00e1s grandes que \u00e9stas, me es mucho m\u00e1s pr\u00e1ctico que tener que cortar del rollo, y, adem\u00e1s, te ahorras el tubo de cart\u00f3n donde se enrollar\u00eda el papel. Si tengo que envolver alg\u00fan alimento, pues no me cuesta nada hacer un paquetito con una hoja, y es muy relajante un ratito de origami. Para m\u00ed, es la versi\u00f3n m\u00e1s vers\u00e1til de la gama, pero, como te digo, tienes otras. M\u00edralo <a href=\"https:\/\/www.conasi.eu\/272-papel-para-hornear-y-conservar?afiliado=25062\" target=\"_blank\" rel=\"noopener\">aqu\u00ed<\/a>.<\/p>\n<p>Si te interesa puedes&#8230;<\/p>\n<h1><a href=\"https:\/\/www.conasi.eu\/papel-para-hornear-y-conservar\/882-papel-de-horno-hojas.html?afiliado=25062\" target=\"_blank\" rel=\"noopener\"><em><span style=\"text-decoration: underline; color: #ff99cc;\">Comprar aqu\u00ed<\/span><\/em><\/a><\/h1>\n<p>y\u00a0te puedo ofrecer un <strong>c\u00f3digo de descuento del 5%<\/strong>\u00a0para utilizar al hacer la compra una vez hayas ingresado a tu perfil de usuario.\u00a0\u00a0El c\u00f3digo es\u00a0<strong>CNS-KIJIMUNAS<\/strong>\u00a0y es v\u00e1lido para la compra de cualquier producto\u00a0<a href=\"https:\/\/www.conasi.eu\/?afiliado=25062\" target=\"_blank\" rel=\"noopener\">en este web<\/a>.<\/p>\n<p><a href=\"http:\/\/www.kijimunas-kitchen.com\/es\/tienda\">Volver a la tienda<\/a><\/p><\/div><div class='clear_column'><\/div>\n","protected":false},"excerpt":{"rendered":"","protected":false},"author":1,"featured_media":0,"parent":0,"menu_order":106,"comment_status":"closed","ping_status":"closed","template":"","meta":{"nf_dc_page":"","jetpack_post_was_ever_published":false,"footnotes":""},"class_list":["post-7724","page","type-page","status-publish","hentry"],"aioseo_notices":[],"jetpack_sharing_enabled":true,"jetpack_shortlink":"https:\/\/wp.me\/P56CiV-20A","jetpack-related-posts":[],"_links":{"self":[{"href":"https:\/\/www.kijimunas-kitchen.com\/es\/wp-json\/wp\/v2\/pages\/7724","targetHints":{"allow":["GET"]}}],"collection":[{"href":"https:\/\/www.kijimunas-kitchen.com\/es\/wp-json\/wp\/v2\/pages"}],"about":[{"href":"https:\/\/www.kijimunas-kitchen.com\/es\/wp-json\/wp\/v2\/types\/page"}],"author":[{"embeddable":true,"href":"https:\/\/www.kijimunas-kitchen.com\/es\/wp-json\/wp\/v2\/users\/1"}],"replies":[{"embeddable":true,"href":"https:\/\/www.kijimunas-kitchen.com\/es\/wp-json\/wp\/v2\/comments?post=7724"}],"version-history":[{"count":5,"href":"https:\/\/www.kijimunas-kitchen.com\/es\/wp-json\/wp\/v2\/pages\/7724\/revisions"}],"predecessor-version":[{"id":7752,"href":"https:\/\/www.kijimunas-kitchen.com\/es\/wp-json\/wp\/v2\/pages\/7724\/revisions\/7752"}],"wp:attachment":[{"href":"https:\/\/www.kijimunas-kitchen.com\/es\/wp-json\/wp\/v2\/media?parent=7724"}],"curies":[{"name":"wp","href":"https:\/\/api.w.org\/{rel}","templated":true}]}}