{"id":7772,"date":"2017-10-21T17:29:27","date_gmt":"2017-10-21T17:29:27","guid":{"rendered":"http:\/\/www.kijimunas-kitchen.com\/es\/?page_id=7772"},"modified":"2017-10-21T23:34:09","modified_gmt":"2017-10-21T23:34:09","slug":"molino-piedra-conchadora-premier","status":"publish","type":"page","link":"https:\/\/www.kijimunas-kitchen.com\/es\/molino-piedra-conchadora-premier\/","title":{"rendered":"Molino de piedra o conchadora Premier"},"content":{"rendered":"<div class='content-column one_half'><p><a href=\"http:\/\/www.kijimunas-kitchen.com\/es\/tienda\">Volver a la tienda<\/a><\/p>\n<h4><a href=\"https:\/\/www.amazon.es\/gp\/product\/B006QKSP50\/ref=as_li_tl?ie=UTF8&amp;tag=kijiskitc-21&amp;camp=3638&amp;creative=24630&amp;linkCode=as2&amp;creativeASIN=B006QKSP50&amp;linkId=f4c5b69d3e76bfc0c9569eb79e7be33a\" target=\"_blank\" rel=\"noopener\"><img data-recalc-dims=\"1\" decoding=\"async\" data-attachment-id=\"7767\" data-permalink=\"https:\/\/www.kijimunas-kitchen.com\/es\/tienda\/premier-tilting-wet-grinder-01\/\" data-orig-file=\"https:\/\/i0.wp.com\/www.kijimunas-kitchen.com\/es\/wp-content\/uploads\/2017\/10\/premier-tilting-wet-grinder-01.jpg?fit=500%2C500&amp;ssl=1\" data-orig-size=\"500,500\" data-comments-opened=\"1\" data-image-meta=\"{&quot;aperture&quot;:&quot;0&quot;,&quot;credit&quot;:&quot;&quot;,&quot;camera&quot;:&quot;&quot;,&quot;caption&quot;:&quot;&quot;,&quot;created_timestamp&quot;:&quot;0&quot;,&quot;copyright&quot;:&quot;&quot;,&quot;focal_length&quot;:&quot;0&quot;,&quot;iso&quot;:&quot;0&quot;,&quot;shutter_speed&quot;:&quot;0&quot;,&quot;title&quot;:&quot;&quot;,&quot;orientation&quot;:&quot;0&quot;}\" data-image-title=\"Molino de piedra o conchadora Premier\" data-image-description=\"\" data-image-caption=\"\" data-medium-file=\"https:\/\/i0.wp.com\/www.kijimunas-kitchen.com\/es\/wp-content\/uploads\/2017\/10\/premier-tilting-wet-grinder-01.jpg?fit=300%2C300&amp;ssl=1\" data-large-file=\"https:\/\/i0.wp.com\/www.kijimunas-kitchen.com\/es\/wp-content\/uploads\/2017\/10\/premier-tilting-wet-grinder-01.jpg?fit=500%2C500&amp;ssl=1\" loading=\"lazy\" class=\"alignnone wp-image-7767 size-medium\" src=\"https:\/\/i0.wp.com\/www.kijimunas-kitchen.com\/es\/wp-content\/uploads\/2017\/10\/premier-tilting-wet-grinder-01.jpg?resize=300%2C300\" alt=\"\" width=\"300\" height=\"300\" srcset=\"https:\/\/i0.wp.com\/www.kijimunas-kitchen.com\/es\/wp-content\/uploads\/2017\/10\/premier-tilting-wet-grinder-01.jpg?resize=300%2C300&amp;ssl=1 300w, https:\/\/i0.wp.com\/www.kijimunas-kitchen.com\/es\/wp-content\/uploads\/2017\/10\/premier-tilting-wet-grinder-01.jpg?resize=150%2C150&amp;ssl=1 150w, https:\/\/i0.wp.com\/www.kijimunas-kitchen.com\/es\/wp-content\/uploads\/2017\/10\/premier-tilting-wet-grinder-01.jpg?resize=120%2C120&amp;ssl=1 120w, https:\/\/i0.wp.com\/www.kijimunas-kitchen.com\/es\/wp-content\/uploads\/2017\/10\/premier-tilting-wet-grinder-01.jpg?w=500&amp;ssl=1 500w\" sizes=\"auto, (max-width: 300px) 100vw, 300px\" \/><\/a><\/h4>\n<p><a href=\"https:\/\/www.amazon.es\/gp\/product\/B006QKSP50\/ref=as_li_tl?ie=UTF8&amp;tag=kijiskitc-21&amp;camp=3638&amp;creative=24630&amp;linkCode=as2&amp;creativeASIN=B006QKSP50&amp;linkId=f4c5b69d3e76bfc0c9569eb79e7be33a\" target=\"_blank\" rel=\"noopener\">Molino de piedra o conchadora Premier<\/a><\/p>\n<h4><a href=\"https:\/\/www.amazon.es\/gp\/product\/B006QKSP50\/ref=as_li_tl?ie=UTF8&amp;tag=kijiskitc-21&amp;camp=3638&amp;creative=24630&amp;linkCode=as2&amp;creativeASIN=B006QKSP50&amp;linkId=f4c5b69d3e76bfc0c9569eb79e7be33a\" target=\"_blank\" rel=\"noopener\"><img data-recalc-dims=\"1\" decoding=\"async\" data-attachment-id=\"7768\" data-permalink=\"https:\/\/www.kijimunas-kitchen.com\/es\/tienda\/premier-tilting-wet-grinder-02\/\" data-orig-file=\"https:\/\/i0.wp.com\/www.kijimunas-kitchen.com\/es\/wp-content\/uploads\/2017\/10\/premier-tilting-wet-grinder-02.jpg?fit=500%2C500&amp;ssl=1\" data-orig-size=\"500,500\" data-comments-opened=\"1\" data-image-meta=\"{&quot;aperture&quot;:&quot;0&quot;,&quot;credit&quot;:&quot;&quot;,&quot;camera&quot;:&quot;&quot;,&quot;caption&quot;:&quot;&quot;,&quot;created_timestamp&quot;:&quot;0&quot;,&quot;copyright&quot;:&quot;&quot;,&quot;focal_length&quot;:&quot;0&quot;,&quot;iso&quot;:&quot;0&quot;,&quot;shutter_speed&quot;:&quot;0&quot;,&quot;title&quot;:&quot;&quot;,&quot;orientation&quot;:&quot;0&quot;}\" data-image-title=\"Molino de piedra o conchadora Premier\" data-image-description=\"\" data-image-caption=\"\" data-medium-file=\"https:\/\/i0.wp.com\/www.kijimunas-kitchen.com\/es\/wp-content\/uploads\/2017\/10\/premier-tilting-wet-grinder-02.jpg?fit=300%2C300&amp;ssl=1\" data-large-file=\"https:\/\/i0.wp.com\/www.kijimunas-kitchen.com\/es\/wp-content\/uploads\/2017\/10\/premier-tilting-wet-grinder-02.jpg?fit=500%2C500&amp;ssl=1\" loading=\"lazy\" class=\"alignnone wp-image-7768 size-medium\" src=\"https:\/\/i0.wp.com\/www.kijimunas-kitchen.com\/es\/wp-content\/uploads\/2017\/10\/premier-tilting-wet-grinder-02.jpg?resize=300%2C300\" alt=\"\" width=\"300\" height=\"300\" srcset=\"https:\/\/i0.wp.com\/www.kijimunas-kitchen.com\/es\/wp-content\/uploads\/2017\/10\/premier-tilting-wet-grinder-02.jpg?resize=300%2C300&amp;ssl=1 300w, https:\/\/i0.wp.com\/www.kijimunas-kitchen.com\/es\/wp-content\/uploads\/2017\/10\/premier-tilting-wet-grinder-02.jpg?resize=150%2C150&amp;ssl=1 150w, https:\/\/i0.wp.com\/www.kijimunas-kitchen.com\/es\/wp-content\/uploads\/2017\/10\/premier-tilting-wet-grinder-02.jpg?resize=120%2C120&amp;ssl=1 120w, https:\/\/i0.wp.com\/www.kijimunas-kitchen.com\/es\/wp-content\/uploads\/2017\/10\/premier-tilting-wet-grinder-02.jpg?w=500&amp;ssl=1 500w\" sizes=\"auto, (max-width: 300px) 100vw, 300px\" \/><\/a><\/h4>\n<p><a href=\"https:\/\/www.amazon.es\/gp\/product\/B006QKSP50\/ref=as_li_tl?ie=UTF8&amp;tag=kijiskitc-21&amp;camp=3638&amp;creative=24630&amp;linkCode=as2&amp;creativeASIN=B006QKSP50&amp;linkId=f4c5b69d3e76bfc0c9569eb79e7be33a\" target=\"_blank\" rel=\"noopener\">Molino de piedra o conchadora Premier<\/a><\/p>\n<h4><a href=\"https:\/\/www.amazon.es\/gp\/product\/B006QKSP50\/ref=as_li_tl?ie=UTF8&amp;tag=kijiskitc-21&amp;camp=3638&amp;creative=24630&amp;linkCode=as2&amp;creativeASIN=B006QKSP50&amp;linkId=f4c5b69d3e76bfc0c9569eb79e7be33a\" target=\"_blank\" rel=\"noopener\"> <img data-recalc-dims=\"1\" decoding=\"async\" data-attachment-id=\"7769\" data-permalink=\"https:\/\/www.kijimunas-kitchen.com\/es\/tienda\/premier-tilting-wet-grinder-03\/\" data-orig-file=\"https:\/\/i0.wp.com\/www.kijimunas-kitchen.com\/es\/wp-content\/uploads\/2017\/10\/premier-tilting-wet-grinder-03.jpg?fit=500%2C285&amp;ssl=1\" data-orig-size=\"500,285\" data-comments-opened=\"1\" data-image-meta=\"{&quot;aperture&quot;:&quot;0&quot;,&quot;credit&quot;:&quot;&quot;,&quot;camera&quot;:&quot;&quot;,&quot;caption&quot;:&quot;&quot;,&quot;created_timestamp&quot;:&quot;0&quot;,&quot;copyright&quot;:&quot;&quot;,&quot;focal_length&quot;:&quot;0&quot;,&quot;iso&quot;:&quot;0&quot;,&quot;shutter_speed&quot;:&quot;0&quot;,&quot;title&quot;:&quot;&quot;,&quot;orientation&quot;:&quot;0&quot;}\" data-image-title=\"Molino de piedra o conchadora Premier\" data-image-description=\"\" data-image-caption=\"\" data-medium-file=\"https:\/\/i0.wp.com\/www.kijimunas-kitchen.com\/es\/wp-content\/uploads\/2017\/10\/premier-tilting-wet-grinder-03.jpg?fit=300%2C171&amp;ssl=1\" data-large-file=\"https:\/\/i0.wp.com\/www.kijimunas-kitchen.com\/es\/wp-content\/uploads\/2017\/10\/premier-tilting-wet-grinder-03.jpg?fit=500%2C285&amp;ssl=1\" loading=\"lazy\" class=\"alignnone wp-image-7769 size-medium\" src=\"https:\/\/i0.wp.com\/www.kijimunas-kitchen.com\/es\/wp-content\/uploads\/2017\/10\/premier-tilting-wet-grinder-03.jpg?resize=300%2C171\" alt=\"\" width=\"300\" height=\"171\" srcset=\"https:\/\/i0.wp.com\/www.kijimunas-kitchen.com\/es\/wp-content\/uploads\/2017\/10\/premier-tilting-wet-grinder-03.jpg?resize=300%2C171&amp;ssl=1 300w, https:\/\/i0.wp.com\/www.kijimunas-kitchen.com\/es\/wp-content\/uploads\/2017\/10\/premier-tilting-wet-grinder-03.jpg?w=500&amp;ssl=1 500w\" sizes=\"auto, (max-width: 300px) 100vw, 300px\" \/><\/a><\/h4>\n<p><a href=\"https:\/\/www.amazon.es\/gp\/product\/B006QKSP50\/ref=as_li_tl?ie=UTF8&amp;tag=kijiskitc-21&amp;camp=3638&amp;creative=24630&amp;linkCode=as2&amp;creativeASIN=B006QKSP50&amp;linkId=f4c5b69d3e76bfc0c9569eb79e7be33a\" target=\"_blank\" rel=\"noopener\">Molino de piedra o conchadora Premier<\/a><\/p><\/div>\n<div class='content-column one_half last_column'><p>Este electrodom\u00e9stico de aqu\u00ed es uno de mis favoritos. Sin duda, es uno de los menos comunes en las cocinas no profesionales, me imagino que es lo que estar\u00e1s pensando. Pero s\u00ed que es muy t\u00edpico en las cocinas y restaurantes indiss, lo utilizan para moler legumbres y cereales activados y preparar a partir de esta masa s\u00faper suave sus t\u00edpicos\u00a0<em>dosa, panes especiados al vapor de legumbres y\/o cereales cocinados al vapor.<\/em><\/p>\n<p>La utilidad que yo le doy es muy diferente, de hecho, lo emepec\u00e9 a utilizar para conchar el chocolate crudo, ya que el sistema de molienda de este molino para pastas h\u00famedas apenas calienta al moler. La molienda puede durar horas, pero el efecto es espectacular, el micronizado de los ingredientes hacen las diferentes elaboraciones no s\u00f3lo m\u00e1s suaves a nivel de textura, sino que aumenta de manera espectacular su palatabilidad. Es, en definitiva, un electrodom\u00e9stico casero para aquellos a los que les gusta preparar su chocolate crudo.<\/p>\n<p>Sin embargo, no es su \u00fanica utilidad. Yo lo utilizo ya hace muchos a\u00f1os para preparar mis cremas y mantequillas de semillas y frutos secos activados. La textura que obtengo es espectacular, y, te digo, no hay semilla que se me resista: desde la amapola, pasando por la almendra pelada o sin pelar, al c\u00e1\u00f1amo. Todo el proceso controlado desde el mejor producto hasta la crema final.<\/p>\n<p>Pero a\u00fan tengo m\u00e1s, tambi\u00e9n la utilizo para hacer las pastas m\u00e1s suaves cuando me interesa para mis quesos de semillas y de frutos, e incluso para mis panes de semillas germinadas y brotes; y en los \u00faltimos a\u00f1os se ha convertido en una de mis favoritas. La he recomendado a mis exalumnos y a colegas y todos le dan un 10.<\/p>\n<p>Si te interesa puedes&#8230;<\/p>\n<h1><a href=\"https:\/\/www.amazon.es\/gp\/product\/B006QKSP50\/ref=as_li_tl?ie=UTF8&amp;tag=kijiskitc-21&amp;camp=3638&amp;creative=24630&amp;linkCode=as2&amp;creativeASIN=B006QKSP50&amp;linkId=f4c5b69d3e76bfc0c9569eb79e7be33a\" target=\"_blank\" rel=\"noopener\"><em><span style=\"text-decoration: underline; color: #ff99cc;\">Comprar aqu\u00ed<\/span><\/em><\/a><\/h1>\n<p><a href=\"http:\/\/www.kijimunas-kitchen.com\/es\/tienda\">Volver a la tienda<\/a><\/p><\/div><div class='clear_column'><\/div>\n","protected":false},"excerpt":{"rendered":"","protected":false},"author":1,"featured_media":0,"parent":0,"menu_order":108,"comment_status":"closed","ping_status":"closed","template":"","meta":{"nf_dc_page":"","jetpack_post_was_ever_published":false,"footnotes":""},"class_list":["post-7772","page","type-page","status-publish","hentry"],"aioseo_notices":[],"jetpack_sharing_enabled":true,"jetpack_shortlink":"https:\/\/wp.me\/P56CiV-21m","jetpack-related-posts":[],"_links":{"self":[{"href":"https:\/\/www.kijimunas-kitchen.com\/es\/wp-json\/wp\/v2\/pages\/7772","targetHints":{"allow":["GET"]}}],"collection":[{"href":"https:\/\/www.kijimunas-kitchen.com\/es\/wp-json\/wp\/v2\/pages"}],"about":[{"href":"https:\/\/www.kijimunas-kitchen.com\/es\/wp-json\/wp\/v2\/types\/page"}],"author":[{"embeddable":true,"href":"https:\/\/www.kijimunas-kitchen.com\/es\/wp-json\/wp\/v2\/users\/1"}],"replies":[{"embeddable":true,"href":"https:\/\/www.kijimunas-kitchen.com\/es\/wp-json\/wp\/v2\/comments?post=7772"}],"version-history":[{"count":4,"href":"https:\/\/www.kijimunas-kitchen.com\/es\/wp-json\/wp\/v2\/pages\/7772\/revisions"}],"predecessor-version":[{"id":7778,"href":"https:\/\/www.kijimunas-kitchen.com\/es\/wp-json\/wp\/v2\/pages\/7772\/revisions\/7778"}],"wp:attachment":[{"href":"https:\/\/www.kijimunas-kitchen.com\/es\/wp-json\/wp\/v2\/media?parent=7772"}],"curies":[{"name":"wp","href":"https:\/\/api.w.org\/{rel}","templated":true}]}}