{"id":8114,"date":"2020-09-08T19:34:16","date_gmt":"2020-09-08T19:34:16","guid":{"rendered":"http:\/\/www.kijimunas-kitchen.com\/es\/?page_id=8114"},"modified":"2021-06-28T14:52:20","modified_gmt":"2021-06-28T14:52:20","slug":"hervidor-raw-de-vidrio-tribest","status":"publish","type":"page","link":"https:\/\/www.kijimunas-kitchen.com\/es\/hervidor-raw-de-vidrio-tribest\/","title":{"rendered":"Hervidor raw de vidrio Tribest"},"content":{"rendered":"<div class='content-column one_half'><p><a href=\"http:\/\/www.kijimunas-kitchen.com\/es\/tienda\">Volver a la tienda<\/a><\/p>\n<h4><a href=\"https:\/\/www.conasi.eu\/hervidores\/2039-hervidor-cristal-tribest.html?afiliado=25062\" target=\"_blank\" rel=\"noopener\"><img data-recalc-dims=\"1\" decoding=\"async\" data-attachment-id=\"8111\" data-permalink=\"https:\/\/www.kijimunas-kitchen.com\/es\/tienda\/hervidor-cristal-tribest\/\" data-orig-file=\"https:\/\/i0.wp.com\/www.kijimunas-kitchen.com\/es\/wp-content\/uploads\/2020\/09\/hervidor-cristal-tribest.jpg?fit=500%2C500&amp;ssl=1\" data-orig-size=\"500,500\" data-comments-opened=\"1\" data-image-meta=\"{&quot;aperture&quot;:&quot;0&quot;,&quot;credit&quot;:&quot;&quot;,&quot;camera&quot;:&quot;&quot;,&quot;caption&quot;:&quot;&quot;,&quot;created_timestamp&quot;:&quot;0&quot;,&quot;copyright&quot;:&quot;&quot;,&quot;focal_length&quot;:&quot;0&quot;,&quot;iso&quot;:&quot;0&quot;,&quot;shutter_speed&quot;:&quot;0&quot;,&quot;title&quot;:&quot;&quot;,&quot;orientation&quot;:&quot;1&quot;}\" data-image-title=\"Hervidor Raw de vidrio Tribest\" data-image-description=\"\" data-image-caption=\"&lt;p&gt;Hervidor Raw de vidrio Tribest&lt;\/p&gt;\n\" data-medium-file=\"https:\/\/i0.wp.com\/www.kijimunas-kitchen.com\/es\/wp-content\/uploads\/2020\/09\/hervidor-cristal-tribest.jpg?fit=300%2C300&amp;ssl=1\" data-large-file=\"https:\/\/i0.wp.com\/www.kijimunas-kitchen.com\/es\/wp-content\/uploads\/2020\/09\/hervidor-cristal-tribest.jpg?fit=500%2C500&amp;ssl=1\" loading=\"lazy\" class=\"alignnone wp-image-8111 size-medium\" src=\"https:\/\/i0.wp.com\/www.kijimunas-kitchen.com\/es\/wp-content\/uploads\/2020\/09\/hervidor-cristal-tribest.jpg?resize=300%2C300\" alt=\"\" width=\"300\" height=\"300\" srcset=\"https:\/\/i0.wp.com\/www.kijimunas-kitchen.com\/es\/wp-content\/uploads\/2020\/09\/hervidor-cristal-tribest.jpg?resize=300%2C300&amp;ssl=1 300w, https:\/\/i0.wp.com\/www.kijimunas-kitchen.com\/es\/wp-content\/uploads\/2020\/09\/hervidor-cristal-tribest.jpg?resize=150%2C150&amp;ssl=1 150w, https:\/\/i0.wp.com\/www.kijimunas-kitchen.com\/es\/wp-content\/uploads\/2020\/09\/hervidor-cristal-tribest.jpg?resize=120%2C120&amp;ssl=1 120w, https:\/\/i0.wp.com\/www.kijimunas-kitchen.com\/es\/wp-content\/uploads\/2020\/09\/hervidor-cristal-tribest.jpg?w=500&amp;ssl=1 500w\" sizes=\"auto, (max-width: 300px) 100vw, 300px\" \/><\/a><\/h4>\n<h4><a href=\"https:\/\/www.conasi.eu\/hervidores\/2039-hervidor-cristal-tribest.html?afiliado=25062\" target=\"_blank\" rel=\"noopener\"><img data-recalc-dims=\"1\" decoding=\"async\" data-attachment-id=\"8115\" data-permalink=\"https:\/\/www.kijimunas-kitchen.com\/es\/hervidor-raw-de-vidrio-tribest\/hervidor-cristal-tribest-temp\/\" data-orig-file=\"https:\/\/i0.wp.com\/www.kijimunas-kitchen.com\/es\/wp-content\/uploads\/2020\/09\/hervidor-cristal-tribest-temp.jpg?fit=500%2C500&amp;ssl=1\" data-orig-size=\"500,500\" data-comments-opened=\"1\" data-image-meta=\"{&quot;aperture&quot;:&quot;0&quot;,&quot;credit&quot;:&quot;&quot;,&quot;camera&quot;:&quot;&quot;,&quot;caption&quot;:&quot;&quot;,&quot;created_timestamp&quot;:&quot;0&quot;,&quot;copyright&quot;:&quot;&quot;,&quot;focal_length&quot;:&quot;0&quot;,&quot;iso&quot;:&quot;0&quot;,&quot;shutter_speed&quot;:&quot;0&quot;,&quot;title&quot;:&quot;&quot;,&quot;orientation&quot;:&quot;1&quot;}\" data-image-title=\"Hervidor raw de vidrio Tribest\" data-image-description=\"\" data-image-caption=\"&lt;p&gt;Hervidor raw de vidrio Tribest&lt;\/p&gt;\n\" data-medium-file=\"https:\/\/i0.wp.com\/www.kijimunas-kitchen.com\/es\/wp-content\/uploads\/2020\/09\/hervidor-cristal-tribest-temp.jpg?fit=300%2C300&amp;ssl=1\" data-large-file=\"https:\/\/i0.wp.com\/www.kijimunas-kitchen.com\/es\/wp-content\/uploads\/2020\/09\/hervidor-cristal-tribest-temp.jpg?fit=500%2C500&amp;ssl=1\" loading=\"lazy\" class=\"alignnone wp-image-8115 size-medium\" src=\"https:\/\/i0.wp.com\/www.kijimunas-kitchen.com\/es\/wp-content\/uploads\/2020\/09\/hervidor-cristal-tribest-temp.jpg?resize=300%2C300\" alt=\"\" width=\"300\" height=\"300\" srcset=\"https:\/\/i0.wp.com\/www.kijimunas-kitchen.com\/es\/wp-content\/uploads\/2020\/09\/hervidor-cristal-tribest-temp.jpg?resize=300%2C300&amp;ssl=1 300w, https:\/\/i0.wp.com\/www.kijimunas-kitchen.com\/es\/wp-content\/uploads\/2020\/09\/hervidor-cristal-tribest-temp.jpg?resize=150%2C150&amp;ssl=1 150w, https:\/\/i0.wp.com\/www.kijimunas-kitchen.com\/es\/wp-content\/uploads\/2020\/09\/hervidor-cristal-tribest-temp.jpg?resize=120%2C120&amp;ssl=1 120w, https:\/\/i0.wp.com\/www.kijimunas-kitchen.com\/es\/wp-content\/uploads\/2020\/09\/hervidor-cristal-tribest-temp.jpg?w=500&amp;ssl=1 500w\" sizes=\"auto, (max-width: 300px) 100vw, 300px\" \/><\/a><\/h4>\n<p><a href=\"https:\/\/www.conasi.eu\/hervidores\/2039-hervidor-cristal-tribest.html?afiliado=25062\" target=\"_blank\" rel=\"noopener\">Hervidor raw de vidrio Tribest<\/a><\/p><\/div>\n<div class='content-column one_half last_column'><p>S\u00ed, s\u00ed&#8230; ya s\u00e9 que es contradictorio lo de &#8220;hervidor&#8221; y &#8220;crudo&#8221;. Es as\u00ed como han traducido del ingl\u00e9s &#8220;Raw Tea Kettle&#8221;, es decir, tetera cruda.<\/p>\n<p>Y es que esta tetera el\u00e9ctrica te ofrece la opci\u00f3n de controlar la temperatura a partir de los 45 \u00baC \u2014raw\u2014 para preservar la estructura molecular del agua, pero tambi\u00e9n calentar a las temperaturas ideales para preparar t\u00e9 verde, negro y caf\u00e9&#8230; si es que los consumes.<\/p>\n<p>Con interior de vidrio y acero inoxidable y exterior de polipropileno libre de BPA (no entra en contacto con el agua) para proteger el vidrio de la tetera en el uso diario. La verdad es que hace tiempo que estaba esperando un utensilio de estas caracter\u00edsticas que no estuviese a un precio desorbitante.<\/p>\n<p>Un must en mi cocina para preparar leches vegetales crudas y matcha calentito en invierno. No hace falta hervir para que el alimento est\u00e9 caliente.<\/p>\n<p>Tambi\u00e9n va divino para remojar almendras crudas y pelarlas sin pasarte en la temperatura del agua de remojo.<\/p>\n<p>Si te interesa puedes&#8230;<\/p>\n<h1><a href=\"https:\/\/www.conasi.eu\/293-batidora-vitamix?afiliado=25062\" target=\"_blank\" rel=\"noopener\"><em>Comprar aqu\u00ed<\/em><\/a><\/h1>\n<p>y\u00a0te puedo ofrecer un <strong>c\u00f3digo de descuento del 5%<\/strong>\u00a0para utilizar al hacer la compra una vez hayas ingresado a tu perfil de usuario. El c\u00f3digo es <strong>CNS-KIJIMUNAS<\/strong>\u00a0y es v\u00e1lido en la compra de cualquier producto de <a href=\"https:\/\/www.conasi.eu\/?afiliado=25062\" target=\"_blank\" rel=\"noopener\">esta web<\/a>.<\/p>\n<p><a href=\"http:\/\/www.kijimunas-kitchen.com\/es\/tienda\">Volver a la tienda<\/a><\/p><\/div><div class='clear_column'><\/div>\n","protected":false},"excerpt":{"rendered":"","protected":false},"author":1,"featured_media":0,"parent":0,"menu_order":0,"comment_status":"closed","ping_status":"closed","template":"","meta":{"nf_dc_page":"","jetpack_post_was_ever_published":false,"footnotes":""},"class_list":["post-8114","page","type-page","status-publish","hentry"],"aioseo_notices":[],"jetpack_sharing_enabled":true,"jetpack_shortlink":"https:\/\/wp.me\/P56CiV-26S","jetpack-related-posts":[],"_links":{"self":[{"href":"https:\/\/www.kijimunas-kitchen.com\/es\/wp-json\/wp\/v2\/pages\/8114","targetHints":{"allow":["GET"]}}],"collection":[{"href":"https:\/\/www.kijimunas-kitchen.com\/es\/wp-json\/wp\/v2\/pages"}],"about":[{"href":"https:\/\/www.kijimunas-kitchen.com\/es\/wp-json\/wp\/v2\/types\/page"}],"author":[{"embeddable":true,"href":"https:\/\/www.kijimunas-kitchen.com\/es\/wp-json\/wp\/v2\/users\/1"}],"replies":[{"embeddable":true,"href":"https:\/\/www.kijimunas-kitchen.com\/es\/wp-json\/wp\/v2\/comments?post=8114"}],"version-history":[{"count":5,"href":"https:\/\/www.kijimunas-kitchen.com\/es\/wp-json\/wp\/v2\/pages\/8114\/revisions"}],"predecessor-version":[{"id":8139,"href":"https:\/\/www.kijimunas-kitchen.com\/es\/wp-json\/wp\/v2\/pages\/8114\/revisions\/8139"}],"wp:attachment":[{"href":"https:\/\/www.kijimunas-kitchen.com\/es\/wp-json\/wp\/v2\/media?parent=8114"}],"curies":[{"name":"wp","href":"https:\/\/api.w.org\/{rel}","templated":true}]}}