{"id":8127,"date":"2020-09-08T20:07:17","date_gmt":"2020-09-08T20:07:17","guid":{"rendered":"http:\/\/www.kijimunas-kitchen.com\/es\/?page_id=8127"},"modified":"2020-09-24T19:04:46","modified_gmt":"2020-09-24T19:04:46","slug":"compostadores","status":"publish","type":"page","link":"https:\/\/www.kijimunas-kitchen.com\/es\/compostadores\/","title":{"rendered":"Compostadores"},"content":{"rendered":"<div class='content-column one_half'><p><a href=\"http:\/\/www.kijimunas-kitchen.com\/es\/tienda\">Volver a la tienda<\/a><\/p>\n<h4><a href=\"https:\/\/www.conasi.eu\/limpieza\/2381-juego-2-cubos-compostaje-bokashi.html?search_query=compost&amp;results=28?afiliado=25062\" target=\"_blank\" rel=\"noopener\"><img data-recalc-dims=\"1\" decoding=\"async\" data-attachment-id=\"8123\" data-permalink=\"https:\/\/www.kijimunas-kitchen.com\/es\/tienda\/bokashi-compostador\/\" data-orig-file=\"https:\/\/i0.wp.com\/www.kijimunas-kitchen.com\/es\/wp-content\/uploads\/2020\/09\/bokashi-compostador.jpg?fit=831%2C831&amp;ssl=1\" data-orig-size=\"831,831\" data-comments-opened=\"1\" data-image-meta=\"{&quot;aperture&quot;:&quot;0&quot;,&quot;credit&quot;:&quot;&quot;,&quot;camera&quot;:&quot;&quot;,&quot;caption&quot;:&quot;&quot;,&quot;created_timestamp&quot;:&quot;0&quot;,&quot;copyright&quot;:&quot;&quot;,&quot;focal_length&quot;:&quot;0&quot;,&quot;iso&quot;:&quot;0&quot;,&quot;shutter_speed&quot;:&quot;0&quot;,&quot;title&quot;:&quot;&quot;,&quot;orientation&quot;:&quot;1&quot;}\" data-image-title=\"Compostador + Bokashi\" data-image-description=\"\" data-image-caption=\"\" data-medium-file=\"https:\/\/i0.wp.com\/www.kijimunas-kitchen.com\/es\/wp-content\/uploads\/2020\/09\/bokashi-compostador.jpg?fit=300%2C300&amp;ssl=1\" data-large-file=\"https:\/\/i0.wp.com\/www.kijimunas-kitchen.com\/es\/wp-content\/uploads\/2020\/09\/bokashi-compostador.jpg?fit=831%2C831&amp;ssl=1\" loading=\"lazy\" class=\"alignnone wp-image-8123 size-medium\" src=\"https:\/\/i0.wp.com\/www.kijimunas-kitchen.com\/es\/wp-content\/uploads\/2020\/09\/bokashi-compostador.jpg?resize=300%2C300\" alt=\"\" width=\"300\" height=\"300\" srcset=\"https:\/\/i0.wp.com\/www.kijimunas-kitchen.com\/es\/wp-content\/uploads\/2020\/09\/bokashi-compostador.jpg?resize=300%2C300&amp;ssl=1 300w, https:\/\/i0.wp.com\/www.kijimunas-kitchen.com\/es\/wp-content\/uploads\/2020\/09\/bokashi-compostador.jpg?resize=150%2C150&amp;ssl=1 150w, https:\/\/i0.wp.com\/www.kijimunas-kitchen.com\/es\/wp-content\/uploads\/2020\/09\/bokashi-compostador.jpg?resize=768%2C768&amp;ssl=1 768w, https:\/\/i0.wp.com\/www.kijimunas-kitchen.com\/es\/wp-content\/uploads\/2020\/09\/bokashi-compostador.jpg?resize=120%2C120&amp;ssl=1 120w, https:\/\/i0.wp.com\/www.kijimunas-kitchen.com\/es\/wp-content\/uploads\/2020\/09\/bokashi-compostador.jpg?w=831&amp;ssl=1 831w\" sizes=\"auto, (max-width: 300px) 100vw, 300px\" \/><\/a><\/h4>\n<p><a href=\"https:\/\/www.conasi.eu\/limpieza\/2381-juego-2-cubos-compostaje-bokashi.html?search_query=compost&amp;results=28?afiliado=25062\" target=\"_blank\" rel=\"noopener\">Compostador de restos org\u00e1nicos + bokashi<\/a><\/p>\n<h4><a href=\"https:\/\/www.conasi.eu\/limpieza\/1899-smartcara-reciclador-restos-organicos.html?search_query=compost&amp;results=28?afiliado=25062\" target=\"_blank\" rel=\"noopener\"><img data-recalc-dims=\"1\" decoding=\"async\" data-attachment-id=\"8124\" data-permalink=\"https:\/\/www.kijimunas-kitchen.com\/es\/tienda\/smart-cara-compostador\/\" data-orig-file=\"https:\/\/i0.wp.com\/www.kijimunas-kitchen.com\/es\/wp-content\/uploads\/2020\/09\/smart-cara-compostador.jpg?fit=828%2C828&amp;ssl=1\" data-orig-size=\"828,828\" data-comments-opened=\"1\" data-image-meta=\"{&quot;aperture&quot;:&quot;0&quot;,&quot;credit&quot;:&quot;&quot;,&quot;camera&quot;:&quot;&quot;,&quot;caption&quot;:&quot;&quot;,&quot;created_timestamp&quot;:&quot;0&quot;,&quot;copyright&quot;:&quot;&quot;,&quot;focal_length&quot;:&quot;0&quot;,&quot;iso&quot;:&quot;0&quot;,&quot;shutter_speed&quot;:&quot;0&quot;,&quot;title&quot;:&quot;&quot;,&quot;orientation&quot;:&quot;1&quot;}\" data-image-title=\"smart-cara-compostador\" data-image-description=\"\" data-image-caption=\"\" data-medium-file=\"https:\/\/i0.wp.com\/www.kijimunas-kitchen.com\/es\/wp-content\/uploads\/2020\/09\/smart-cara-compostador.jpg?fit=300%2C300&amp;ssl=1\" data-large-file=\"https:\/\/i0.wp.com\/www.kijimunas-kitchen.com\/es\/wp-content\/uploads\/2020\/09\/smart-cara-compostador.jpg?fit=828%2C828&amp;ssl=1\" loading=\"lazy\" class=\"alignnone wp-image-8124 size-medium\" src=\"https:\/\/i0.wp.com\/www.kijimunas-kitchen.com\/es\/wp-content\/uploads\/2020\/09\/smart-cara-compostador.jpg?resize=300%2C300\" alt=\"\" width=\"300\" height=\"300\" srcset=\"https:\/\/i0.wp.com\/www.kijimunas-kitchen.com\/es\/wp-content\/uploads\/2020\/09\/smart-cara-compostador.jpg?resize=300%2C300&amp;ssl=1 300w, https:\/\/i0.wp.com\/www.kijimunas-kitchen.com\/es\/wp-content\/uploads\/2020\/09\/smart-cara-compostador.jpg?resize=150%2C150&amp;ssl=1 150w, https:\/\/i0.wp.com\/www.kijimunas-kitchen.com\/es\/wp-content\/uploads\/2020\/09\/smart-cara-compostador.jpg?resize=768%2C768&amp;ssl=1 768w, https:\/\/i0.wp.com\/www.kijimunas-kitchen.com\/es\/wp-content\/uploads\/2020\/09\/smart-cara-compostador.jpg?resize=120%2C120&amp;ssl=1 120w, https:\/\/i0.wp.com\/www.kijimunas-kitchen.com\/es\/wp-content\/uploads\/2020\/09\/smart-cara-compostador.jpg?w=828&amp;ssl=1 828w\" sizes=\"auto, (max-width: 300px) 100vw, 300px\" \/><\/a><\/h4>\n<p><a href=\"https:\/\/www.conasi.eu\/limpieza\/1899-smartcara-reciclador-restos-organicos.html?search_query=compost&amp;results=28?afiliado=25062\" target=\"_blank\" rel=\"noopener\">Compostador de restos org\u00e1nicos Smart Cara<\/a><\/p><\/div>\n<div class='content-column one_half last_column'><p>\u00a1Ay, no! \u00a1Qu\u00e9 belleza! Mira estos compostadores de restos org\u00e1nicos. Son el utensilio ideal de la cocina zero waste.<\/p>\n<p>El <a href=\"https:\/\/www.conasi.eu\/limpieza\/2381-juego-2-cubos-compostaje-bokashi.html?search_query=compost&amp;results=28?afiliado=25062\" target=\"_blank\" rel=\"noopener\">compostador de restos org\u00e1nicos Bokashi<\/a> es de lo m\u00e1s bello a nivel de concepto. Consta de un cubo de polipropileno reciclado y libre de BPA donde puedes transformar los restos org\u00e1nicos de tu cocina en compost y fertilizante para tus plantas. Incluye un activador bacteriano que acelera la descomposici\u00f3n de los residuos sin que se generen olores ni vengan mosquitas al cubo. No s\u00f3lo puedes obtener fertilizante y compost del mejor, sino tambi\u00e9n desatascador org\u00e1nico para las tuber\u00edas de la cocina o el ba\u00f1o.<\/p>\n<p>Completamente enamorada.<\/p>\n<p>El <a href=\"https:\/\/www.conasi.eu\/limpieza\/1899-smartcara-reciclador-restos-organicos.html?search_query=compost&amp;results=28?afiliado=25062\" target=\"_blank\" rel=\"noopener\">compostador de restos org\u00e1nicos Smart Cara<\/a> es tambi\u00e9n otra opci\u00f3n. M\u00e1s sofisiticada y con un sistema de triturado + aireado + secado para que puedas compostar y preparar fertilizante y compost como una queen.<\/p>\n<p>Si te interesa puedes&#8230;<\/p>\n<h1><a href=\"https:\/\/www.conasi.eu\/buscar?controller=search&amp;orderby=price&amp;search_query=materia+org%C3%A1nica?afiliado=25062\" target=\"_blank\" rel=\"noopener\"><em>Comprar aqu\u00ed<\/em><\/a>\u00a0y <a href=\"https:\/\/www.conasi.eu\/limpieza\/1899-smartcara-reciclador-restos-organicos.html?search_query=compost&amp;results=28?afiliado=25062\" target=\"_blank\" rel=\"noopener\"><em>aqu\u00ed<\/em><\/a><\/h1>\n<p>y\u00a0te puedo ofrecer un <strong>c\u00f3digo de descuento del 5%<\/strong>\u00a0para utilizar al hacer la compra una vez hayas ingresado a tu perfil de usuario. El c\u00f3digo es <strong>CNS-KIJIMUNAS<\/strong>\u00a0y es v\u00e1lido en la compra de cualquier producto de <a href=\"https:\/\/www.conasi.eu\/?afiliado=25062\" target=\"_blank\" rel=\"noopener\">esta web<\/a>.<\/p>\n<p><a href=\"http:\/\/www.kijimunas-kitchen.com\/es\/tienda\">Volver a la tienda<\/a><\/p><\/div><div class='clear_column'><\/div>\n","protected":false},"excerpt":{"rendered":"","protected":false},"author":1,"featured_media":0,"parent":0,"menu_order":0,"comment_status":"closed","ping_status":"closed","template":"","meta":{"nf_dc_page":"","jetpack_post_was_ever_published":false,"footnotes":""},"class_list":["post-8127","page","type-page","status-publish","hentry"],"aioseo_notices":[],"jetpack_sharing_enabled":true,"jetpack_shortlink":"https:\/\/wp.me\/P56CiV-275","jetpack-related-posts":[],"_links":{"self":[{"href":"https:\/\/www.kijimunas-kitchen.com\/es\/wp-json\/wp\/v2\/pages\/8127","targetHints":{"allow":["GET"]}}],"collection":[{"href":"https:\/\/www.kijimunas-kitchen.com\/es\/wp-json\/wp\/v2\/pages"}],"about":[{"href":"https:\/\/www.kijimunas-kitchen.com\/es\/wp-json\/wp\/v2\/types\/page"}],"author":[{"embeddable":true,"href":"https:\/\/www.kijimunas-kitchen.com\/es\/wp-json\/wp\/v2\/users\/1"}],"replies":[{"embeddable":true,"href":"https:\/\/www.kijimunas-kitchen.com\/es\/wp-json\/wp\/v2\/comments?post=8127"}],"version-history":[{"count":3,"href":"https:\/\/www.kijimunas-kitchen.com\/es\/wp-json\/wp\/v2\/pages\/8127\/revisions"}],"predecessor-version":[{"id":8137,"href":"https:\/\/www.kijimunas-kitchen.com\/es\/wp-json\/wp\/v2\/pages\/8127\/revisions\/8137"}],"wp:attachment":[{"href":"https:\/\/www.kijimunas-kitchen.com\/es\/wp-json\/wp\/v2\/media?parent=8127"}],"curies":[{"name":"wp","href":"https:\/\/api.w.org\/{rel}","templated":true}]}}